{"id":955,"date":"2021-02-02T16:46:02","date_gmt":"2021-02-02T16:46:02","guid":{"rendered":"https:\/\/ssv-sandhausen.de\/wordpress_c\/?page_id=955"},"modified":"2021-03-04T17:29:38","modified_gmt":"2021-03-04T17:29:38","slug":"gewehr","status":"publish","type":"page","link":"https:\/\/ssv-sandhausen.de\/?page_id=955","title":{"rendered":"Gewehr"},"content":{"rendered":"<p><strong>Kugeldisziplinen<\/strong><\/p>\n<table>\n<tr>\n<td>\n  <img loading=\"lazy\" decoding=\"async\" width=\"822\" height=\"617\" src=\"https:\/\/ssv-sandhausen.de\/wp-content\/uploads\/2021\/03\/word-image.jpeg\" class=\"wp-image-1073\" srcset=\"https:\/\/ssv-sandhausen.de\/wp-content\/uploads\/2021\/03\/word-image.jpeg 822w, https:\/\/ssv-sandhausen.de\/wp-content\/uploads\/2021\/03\/word-image-300x225.jpeg 300w, https:\/\/ssv-sandhausen.de\/wp-content\/uploads\/2021\/03\/word-image-768x576.jpeg 768w\" sizes=\"auto, (max-width: 822px) 85vw, 822px\" \/><\/td>\n<td>\n  Die Gewehrabteilung verf\u00fcgt \u00fcber 16 Kleinkalieberst\u00e4nde, davon 4 St\u00e4nde mit Gro\u00dfkaliberzulassung. Geschossen werden kann<\/p>\n<ul>\n<li>\n    Kleinkalibergewehr 50m (auch Auflage)<\/li>\n<li>\n    Gro\u00dfkalibergewehr<\/li>\n<li>\n    Perkussionsgewehr<\/li>\n<li>\n    Steinschlossgewehr<\/li>\n<li>\n    Freie Pistole<\/li>\n<\/ul>\n<\/td>\n<\/tr>\n<tr>\n<td>\n  <img loading=\"lazy\" decoding=\"async\" width=\"818\" height=\"545\" src=\"https:\/\/ssv-sandhausen.de\/wp-content\/uploads\/2021\/03\/word-image-1.jpeg\" class=\"wp-image-1074\" srcset=\"https:\/\/ssv-sandhausen.de\/wp-content\/uploads\/2021\/03\/word-image-1.jpeg 818w, https:\/\/ssv-sandhausen.de\/wp-content\/uploads\/2021\/03\/word-image-1-300x200.jpeg 300w, https:\/\/ssv-sandhausen.de\/wp-content\/uploads\/2021\/03\/word-image-1-768x512.jpeg 768w\" sizes=\"auto, (max-width: 818px) 85vw, 818px\" \/><\/td>\n<td>\n  Moderne bundesligataugliche Luftgewehrhalle mit 12 elektronischen DISAG St\u00e4nden.<\/p>\n<ul>\n<li>\n    Luftgewehr 10m (auch Auflage)<\/li>\n<li>\n    Luftpistole (auch Auflage<\/li>\n<li>\n    Bogen (17 Meter)<\/li>\n<\/ul>\n<\/td>\n<\/tr>\n<\/table>\n<p><strong>Offizielle Trainingszeiten<\/p>\n<p><\/strong><br \/>\n  Allgemeine Trainingszeiten f\u00fcr Mitglieder und Einzelgastsch\u00fctzen sind<\/p>\n<p>dienstags\t\t\tab 18.00 Uhr bis 21.00 Uhr<\/p>\n<p>freitags\t\t\tab 18.00 Uhr bis 21.00 Uhr<\/p>\n<p>sonntags\t\t\tab 10.00 Uhr bis 12.00 Uhr<\/p>\n<p><strong>Gro\u00dfkaliber Schie\u00dfzeiten<br \/>\n<\/strong><br \/>\n  Jeden 1. Samstag im Monat\t\tvon 14.00 Uhr bis 16.00 Uhr<\/p>\n<p>nur nach Vereinbarung mit dem Sportleiter<\/p>\n<p><strong>Gastvereine<\/strong> k\u00f6nnen mit dem Vorstand bzw. Sportleiter gesonderte Trainingszeiten vereinbaren.<\/p>\n","protected":false},"excerpt":{"rendered":"<p>Kugeldisziplinen Die Gewehrabteilung verf\u00fcgt \u00fcber 16 Kleinkalieberst\u00e4nde, davon 4 St\u00e4nde mit Gro\u00dfkaliberzulassung. Geschossen werden kann Kleinkalibergewehr 50m (auch Auflage) Gro\u00dfkalibergewehr Perkussionsgewehr Steinschlossgewehr Freie Pistole Moderne bundesligataugliche Luftgewehrhalle mit 12 elektronischen DISAG St\u00e4nden. Luftgewehr 10m (auch Auflage) Luftpistole (auch Auflage Bogen (17 Meter) Offizielle Trainingszeiten Allgemeine Trainingszeiten f\u00fcr Mitglieder und Einzelgastsch\u00fctzen sind dienstags ab 18.00 Uhr &hellip; <a href=\"https:\/\/ssv-sandhausen.de\/?page_id=955\" class=\"more-link\"><span class=\"screen-reader-text\">\u201eGewehr\u201c <\/span>weiterlesen<\/a><\/p>\n","protected":false},"author":1,"featured_media":0,"parent":0,"menu_order":0,"comment_status":"closed","ping_status":"closed","template":"","meta":{"footnotes":""},"class_list":["post-955","page","type-page","status-publish","hentry"],"_links":{"self":[{"href":"https:\/\/ssv-sandhausen.de\/index.php?rest_route=\/wp\/v2\/pages\/955","targetHints":{"allow":["GET"]}}],"collection":[{"href":"https:\/\/ssv-sandhausen.de\/index.php?rest_route=\/wp\/v2\/pages"}],"about":[{"href":"https:\/\/ssv-sandhausen.de\/index.php?rest_route=\/wp\/v2\/types\/page"}],"author":[{"embeddable":true,"href":"https:\/\/ssv-sandhausen.de\/index.php?rest_route=\/wp\/v2\/users\/1"}],"replies":[{"embeddable":true,"href":"https:\/\/ssv-sandhausen.de\/index.php?rest_route=%2Fwp%2Fv2%2Fcomments&post=955"}],"version-history":[{"count":2,"href":"https:\/\/ssv-sandhausen.de\/index.php?rest_route=\/wp\/v2\/pages\/955\/revisions"}],"predecessor-version":[{"id":1075,"href":"https:\/\/ssv-sandhausen.de\/index.php?rest_route=\/wp\/v2\/pages\/955\/revisions\/1075"}],"wp:attachment":[{"href":"https:\/\/ssv-sandhausen.de\/index.php?rest_route=%2Fwp%2Fv2%2Fmedia&parent=955"}],"curies":[{"name":"wp","href":"https:\/\/api.w.org\/{rel}","templated":true}]}}