{"id":4061,"date":"2025-09-08T11:45:39","date_gmt":"2025-09-08T11:45:39","guid":{"rendered":"https:\/\/ssv-sandhausen.de\/?page_id=4061"},"modified":"2025-09-08T11:46:55","modified_gmt":"2025-09-08T11:46:55","slug":"seniorenschiessen-auflage-2025","status":"publish","type":"page","link":"https:\/\/ssv-sandhausen.de\/?page_id=4061","title":{"rendered":"Seniorenschie\u00dfen Auflage &#8211; 2025"},"content":{"rendered":"\n<p><\/p>\n\n\n\n<p class=\"has-medium-font-size\">06.09.2025 &#8211; Ettlingen<\/p>\n\n\n\n<figure class=\"wp-block-image size-large\"><img decoding=\"async\" src=\"https:\/\/ssv-sandhausen.de\/wp-content\/uploads\/2025\/09\/Sen2025_20250906_174338.jpg\" alt=\"\"\/><\/figure>\n\n\n\n<p>Silber f\u00fcr \u00c5ke H\u00f6rnberg<\/p>\n\n\n\n<figure class=\"wp-block-image size-large\"><img decoding=\"async\" src=\"https:\/\/ssv-sandhausen.de\/wp-content\/uploads\/2025\/09\/Sen2025-2_11_76_10m_Luftpistole_Auflage-Senioren_IV_maennlich.png\" alt=\"\"\/><\/figure>\n\n\n\n<p><\/p>\n\n\n\n<figure class=\"wp-block-image size-large\"><img decoding=\"async\" src=\"https:\/\/ssv-sandhausen.de\/wp-content\/uploads\/2025\/09\/Sen2025-2_11_74_10m_Luftpistole_Auflage-Senioren_III_maennlich.png\" alt=\"\"\/><\/figure>\n\n\n\n<p><\/p>\n","protected":false},"excerpt":{"rendered":"<p>06.09.2025 &#8211; Ettlingen Silber f\u00fcr \u00c5ke H\u00f6rnberg<\/p>\n","protected":false},"author":4,"featured_media":0,"parent":0,"menu_order":0,"comment_status":"closed","ping_status":"closed","template":"","meta":{"footnotes":""},"class_list":["post-4061","page","type-page","status-publish","hentry"],"_links":{"self":[{"href":"https:\/\/ssv-sandhausen.de\/index.php?rest_route=\/wp\/v2\/pages\/4061","targetHints":{"allow":["GET"]}}],"collection":[{"href":"https:\/\/ssv-sandhausen.de\/index.php?rest_route=\/wp\/v2\/pages"}],"about":[{"href":"https:\/\/ssv-sandhausen.de\/index.php?rest_route=\/wp\/v2\/types\/page"}],"author":[{"embeddable":true,"href":"https:\/\/ssv-sandhausen.de\/index.php?rest_route=\/wp\/v2\/users\/4"}],"replies":[{"embeddable":true,"href":"https:\/\/ssv-sandhausen.de\/index.php?rest_route=%2Fwp%2Fv2%2Fcomments&post=4061"}],"version-history":[{"count":3,"href":"https:\/\/ssv-sandhausen.de\/index.php?rest_route=\/wp\/v2\/pages\/4061\/revisions"}],"predecessor-version":[{"id":4065,"href":"https:\/\/ssv-sandhausen.de\/index.php?rest_route=\/wp\/v2\/pages\/4061\/revisions\/4065"}],"wp:attachment":[{"href":"https:\/\/ssv-sandhausen.de\/index.php?rest_route=%2Fwp%2Fv2%2Fmedia&parent=4061"}],"curies":[{"name":"wp","href":"https:\/\/api.w.org\/{rel}","templated":true}]}}