{"id":3869,"date":"2025-07-03T10:33:04","date_gmt":"2025-07-03T10:33:04","guid":{"rendered":"https:\/\/ssv-sandhausen.de\/?page_id=3869"},"modified":"2025-08-05T07:57:41","modified_gmt":"2025-08-05T07:57:41","slug":"lm-2025-bilder","status":"publish","type":"page","link":"https:\/\/ssv-sandhausen.de\/?page_id=3869","title":{"rendered":"LM 2025 \u2013 Bilder"},"content":{"rendered":"\n<p><\/p>\n\n\n\n<p class=\"has-medium-font-size\"><strong>02.08.2025 &#8211; Eggenstein<\/strong><\/p>\n\n\n\n<figure class=\"wp-block-image size-large\"><img decoding=\"async\" src=\"https:\/\/ssv-sandhausen.de\/wp-content\/uploads\/2025\/08\/LM2025_Helga_Hack-20250802-WA0001_50.png\" alt=\"\"\/><\/figure>\n\n\n\n<p>Helga Hack ist Landesmeisterin in KK-Gewehr Auflage 100m!<\/p>\n\n\n\n<p><\/p>\n\n\n\n<p class=\"has-medium-font-size\"><strong>06.07.2025 &#8211; Pforzheim<\/strong><\/p>\n\n\n\n<figure class=\"wp-block-image size-large\"><img decoding=\"async\" src=\"https:\/\/ssv-sandhausen.de\/wp-content\/uploads\/2025\/07\/LM2025_20250707-WA0003_Team.png\" alt=\"\"\/><\/figure>\n\n\n\n<p>Bernd Hollschuh, Bernd Sch\u00fctz und Andreas Reinig<\/p>\n\n\n\n<p><\/p>\n\n\n\n<p class=\"has-medium-font-size\"><strong>05.07.2025 &#8211; Pforzheim<\/strong><\/p>\n\n\n\n<figure class=\"wp-block-image size-large\"><img decoding=\"async\" src=\"https:\/\/ssv-sandhausen.de\/wp-content\/uploads\/2025\/07\/LM2025-20250707-WA0000_Bernd.png\" alt=\"\"\/><\/figure>\n\n\n\n<p>Bernd Hollschuh<\/p>\n\n\n\n<p><\/p>\n\n\n\n<p class=\"has-medium-font-size\"><strong>29.06.2025 &#8211; Landesmeister \u00c5ke H\u00f6rnberg<\/strong><\/p>\n\n\n\n<figure class=\"wp-block-image size-large\"><img decoding=\"async\" src=\"https:\/\/ssv-sandhausen.de\/wp-content\/uploads\/2025\/07\/LM2025_Ake_20250629_154835_20_mod.png\" alt=\"\"\/><\/figure>\n\n\n\n<p><\/p>\n\n\n\n<p><\/p>\n\n\n\n<p><\/p>\n","protected":false},"excerpt":{"rendered":"<p>02.08.2025 &#8211; Eggenstein Helga Hack ist Landesmeisterin in KK-Gewehr Auflage 100m! 06.07.2025 &#8211; Pforzheim Bernd Hollschuh, Bernd Sch\u00fctz und Andreas Reinig 05.07.2025 &#8211; Pforzheim Bernd Hollschuh 29.06.2025 &#8211; Landesmeister \u00c5ke H\u00f6rnberg<\/p>\n","protected":false},"author":4,"featured_media":0,"parent":0,"menu_order":0,"comment_status":"closed","ping_status":"closed","template":"","meta":{"footnotes":""},"class_list":["post-3869","page","type-page","status-publish","hentry"],"_links":{"self":[{"href":"https:\/\/ssv-sandhausen.de\/index.php?rest_route=\/wp\/v2\/pages\/3869","targetHints":{"allow":["GET"]}}],"collection":[{"href":"https:\/\/ssv-sandhausen.de\/index.php?rest_route=\/wp\/v2\/pages"}],"about":[{"href":"https:\/\/ssv-sandhausen.de\/index.php?rest_route=\/wp\/v2\/types\/page"}],"author":[{"embeddable":true,"href":"https:\/\/ssv-sandhausen.de\/index.php?rest_route=\/wp\/v2\/users\/4"}],"replies":[{"embeddable":true,"href":"https:\/\/ssv-sandhausen.de\/index.php?rest_route=%2Fwp%2Fv2%2Fcomments&post=3869"}],"version-history":[{"count":4,"href":"https:\/\/ssv-sandhausen.de\/index.php?rest_route=\/wp\/v2\/pages\/3869\/revisions"}],"predecessor-version":[{"id":4018,"href":"https:\/\/ssv-sandhausen.de\/index.php?rest_route=\/wp\/v2\/pages\/3869\/revisions\/4018"}],"wp:attachment":[{"href":"https:\/\/ssv-sandhausen.de\/index.php?rest_route=%2Fwp%2Fv2%2Fmedia&parent=3869"}],"curies":[{"name":"wp","href":"https:\/\/api.w.org\/{rel}","templated":true}]}}