{"id":3525,"date":"2025-03-19T18:19:49","date_gmt":"2025-03-19T18:19:49","guid":{"rendered":"https:\/\/ssv-sandhausen.de\/?page_id=3525"},"modified":"2025-03-19T18:19:49","modified_gmt":"2025-03-19T18:19:49","slug":"km-2025-berichte","status":"publish","type":"page","link":"https:\/\/ssv-sandhausen.de\/?page_id=3525","title":{"rendered":"KM 2025 \u2013 Berichte"},"content":{"rendered":"\n<p><\/p>\n\n\n\n<p class=\"has-medium-font-size\"><strong>19.03.2025: Weitere Erfolge bei den Kreismeisterschaften 2025 der Sportsch\u00fctzen<\/strong><\/p>\n\n\n\n<p>Nachdem in den letzten Wochen bereits die Wettk\u00e4mpfe der Luftpistolen- und Luftgewehrsch\u00fctzen stattfanden, wurden an den beiden vergangenen Wochenenden die Meisterschaften der Kleinkalibersch\u00fctzen fortgesetzt. <br>Es wurden Wettk\u00e4mpfe in den Disziplinen 50 m Auflage, 100 m frei und 100 m Auflage ausgetragen. <br>Dabei wurden die 50m wieder auf unserer neuen digitalen Anlage in Sandhausen ausgetragen. <br>Au\u00dferdem fanden die Wettbewerbe \u00fcber 25 m Auflage mit der Pistole und die Wettk\u00e4mpfe mit dem Unterhebelgewehr \u00fcber 50m statt. <br><br>Erneut konnten dabei durch die Sch\u00fctzen des Sportsch\u00fctzenvereins Sandhausen viele Erfolge verzeichnet werden:<\/p>\n\n\n\n<p><\/p>\n\n\n\n<p><strong>100 m Kleinkaliber in Wiesloch:<\/strong><\/p>\n\n\n\n<p>1.   Pl\u00e4tze durch die Mannschaft bestehend aus <strong>Bernd Hollschuh<\/strong>, <strong>Andreas Reinig<\/strong> und <strong>Bernd Sch\u00fctz<\/strong> (Herren III) und <strong>Bernd Hollschuh<\/strong> in der Einzelwertung (Herren IV)<br>3. Platz durch <strong>Andreas Reinig<\/strong> (Herren IV)<\/p>\n\n\n\n<p><strong>100 m Kleinkaliber Auflage in Wiesloch:<\/strong><\/p>\n\n\n\n<p>1.  Pl\u00e4tze durch die Mannschaften Senioren I m\u00e4nnlich mit <strong>Boris Hofmann<\/strong>, <strong>Burkhard Wehse<\/strong> und <strong>Andreas Baier<\/strong> sowie Senioren III m\u00e4nnlich mit <strong>Bernd Sch\u00fctz<\/strong>, <strong>Bernd Hollschuh<\/strong> und <strong>Karl-Heinz Orth<\/strong> und in den Einzelwertungen durch <strong>Boris Hofmann<\/strong> (Senioren I m\u00e4nnlich), <strong>Andreas Baier <\/strong>(Senioren II m\u00e4nnlich), <strong>J\u00fcrgen Hack<\/strong> (Senioren III m\u00e4nnlich) und <strong>Ludwig Schreiner<\/strong> (Senioren VI m\u00e4nnlich)<br>2. Pl\u00e4tze durch <strong>Burkhard Wehse<\/strong> (Senioren I m\u00e4nnlich), <strong>Bernd Sch\u00fctz<\/strong> (Senioren III m\u00e4nnlich), <strong>Helga Hack<\/strong> (Senioren III weiblich), <strong>Walter K\u00f6hler<\/strong> (Senioren IV m\u00e4nnlich) und <strong>Karl-Heinz Orth<\/strong> (Senioren V m\u00e4nnlich)<br>3. Pl\u00e4tze durch<strong> Bernd Hollschuh<\/strong> (Senioren III m\u00e4nnlich), <strong>Eleonore Hollschuh<\/strong> (Senioren III weiblich) und <strong>Bernd Steiger<\/strong> (Senioren IV m\u00e4nnlich)<\/p>\n\n\n\n<p><strong>50 m Kleinkaliber Auflage in Sandhausen:<\/strong><\/p>\n\n\n\n<p>1.  Pl\u00e4tze durch die Mannschaften Senioren I m\u00e4nnlich mit <strong>Boris Hofmann<\/strong>, <strong>Burkhard Wehse<\/strong> und <strong>Andreas Baier<\/strong> sowie Senioren III m\u00e4nnlich mit <strong>Bernd Sch\u00fctz<\/strong>, <strong>Bernd Hollschuh<\/strong> und <strong>Karl-Heinz Orth<\/strong> und in den Einzelwertungen durch <strong>Boris Hofmann<\/strong> (Senioren I m\u00e4nnlich), <strong>Andreas Baier<\/strong> (Senioren II m\u00e4nnlich), <strong>Bernd Hollschuh<\/strong> (Senioren III m\u00e4nnlich), <strong>Helga Hack <\/strong>(Senioren III weiblich), <strong>Bernd Steiger<\/strong> (Senioren IV m\u00e4nnlich) und <strong>Ludwig Schreiner<\/strong> (Senioren VI m\u00e4nnlich)<br>2. Pl\u00e4tze durch <strong>Burkhard Wehse<\/strong> (Senioren I m\u00e4nnlich), <strong>Walter K\u00f6hler <\/strong>(Senioren IV m\u00e4nnlich) und <strong>Karl-Heinz Orth <\/strong>(Senioren V m\u00e4nnlich)<br>3. Pl\u00e4tze durch <strong>Bernd Sch\u00fctz<\/strong> (Senioren III m\u00e4nnlich) und <strong>Eleonore Hollschuh<\/strong> (Senioren III weiblich)<\/p>\n\n\n\n<p><strong>KK-Unterhebelgewehr 50 m in St. Leon:<\/strong><\/p>\n\n\n\n<p>2. Platz durch <strong>Klaus Oechsler<\/strong> (Herren IV)<br>3. Platz durch <strong>Didier Damblon<\/strong> (Herren III)<\/p>\n\n\n\n<p><strong>25 m Pistole Auflage in Sandhausen:<\/strong><\/p>\n\n\n\n<p>1.  Pl\u00e4tze durch die Mannschaft Senioren III m\u00e4nnlich mit <strong>Carl \u00c5ke H\u00f6rnberg<\/strong>, <strong>Klaus Oechsler<\/strong> und <strong>Ulrich Rapp<\/strong> und in der Einzelwertung durch <strong>Klaus Oechsler<\/strong> (Senioren III) und <strong>Carl \u00c5ke H\u00f6rnberg<\/strong> (Senioren IV)<br>2. Platz durch <strong>Ulrich Rapp<\/strong> (Senioren III)<\/p>\n\n\n\n<p>In den n\u00e4chsten Wochen werden die Kreismeisterschaften mit weiteren Disziplinen fortgesetzt. Wir w\u00fcnschen unseren Teilnehmern \u201eGut Schu\u00df\u201c und viel Erfolg!<\/p>\n\n\n\n<p><\/p>\n\n\n\n<p class=\"has-medium-font-size\"><strong>23.02.2025: Erster Wettkampf in Sandhausen<\/strong><\/p>\n\n\n\n<p>Am Sonntag, 23. Februar, fand dann der erste Wettkampf der diesj\u00e4hrigen Kreismeisterschaft in Sandhausen statt. <br>Es wurden Wettbewerbe in den Disziplinen Luftgewehr Auflage, Luftpistole Auflage sowie 50 m Kleinkalibergewehr ausgetragen. <br>Dabei kam bei bestem Wetter auch zum ersten Mal die neue digitale 50 m Anlage bei einem Wettkampf zum Einsatz. <br>Die Premiere lief super und die neue Anlage fand allgemein Bewunderung durch die teilnehmenden Sch\u00fctzen. <br><br>Auch an sportlichen Erfolgen mangelte es nicht. <br>Folgende Platzierungen konnten durch unsere teilnehmenden Sch\u00fctzen erreicht werden:<\/p>\n\n\n\n<p><\/p>\n\n\n\n<p><strong>Luftpistole 10 m Auflage:<\/strong><\/p>\n\n\n\n<p>1.  Pl\u00e4tze durch die Mannschaft (Senioren III) mit <strong>\u00c5ke H\u00f6rnberg<\/strong>,<strong> Ullrich Rapp<\/strong> und <strong>Klaus Oechsler<\/strong>; <strong>Klaus Oechsler<\/strong> (Senioren III) und <strong>\u00c5ke H\u00f6rnberg<\/strong> (Senioren IV)<br>2. Platz durch <strong>Ullrich Rapp<\/strong> (Senioren IV)<\/p>\n\n\n\n<p><strong>Luftgewehr 10 m Auflage:<\/strong><\/p>\n\n\n\n<p>1.  Pl\u00e4tze durch die Mannschaft (Senioren I) mit <strong>Andreas Baier<\/strong>, <strong>Boris Hofmann<\/strong> und <strong>Burkhard Wehse<\/strong>; <strong>Boris Hofmann<\/strong> (Senioren I),<strong> Andreas Baier<\/strong> (Senioren II), die Mannschaft (Senioren III) mit <strong>Bernd Hollschuh<\/strong>, <strong>Bernd Sch\u00fctz<\/strong> und<strong> Karl-Heinz Orth<\/strong>; <strong>Bernd Hollschuh<\/strong> (Senioren III), <strong>Bernd Steiger<\/strong> (Senioren IV) und <strong>Renate Oberle<\/strong> (Senioren IV weiblich)<br>2. Pl\u00e4tze durch <strong>Burkhard Wehse<\/strong> (Senioren I), <strong>Karl-Hein Orth<\/strong> (Senioren V) und die Mannschaft (Senioren II) mit <strong>Bernd Steiger<\/strong>, <strong>Eleonore Hollschuh<\/strong> und <strong>Renate Oberle<\/strong><br>3. Pl\u00e4tze durch <strong>Bernd Sch\u00fctz<\/strong> (Senioren III) und <strong>Ludwig Schreiner<\/strong> (Senioren VI)<\/p>\n\n\n\n<p><strong>KK-Gewehr 50 m:<\/strong><\/p>\n\n\n\n<p>Dieser Wettkampf fand ohne Teilnehmer aus unserem Sportsch\u00fctzenverein statt.<\/p>\n\n\n\n<p>Die durchweg guten und sehr guten Leistungen unserer Sch\u00fctzen und l\u00e4sst uns zuversichtlich auf die noch ausstehenden Wettk\u00e4mpfe blicken und auf weitere Erfolge hoffen.<\/p>\n\n\n\n<p><\/p>\n\n\n\n<p class=\"has-medium-font-size\"><strong>Auftaktwettk\u00e4mpfe der Kreismeisterschaft am 15. Februar 2025<\/strong><\/p>\n\n\n\n<p>Bereits am 15. und 16. Februar startete die Kreismeisterschaft 2025 der Sportsch\u00fctzen des Sch\u00fctzenkreises 6 mit den Auftaktwettk\u00e4mpfen in Walldorf und Rauenberg.<br> In Walldorf wurden die Luftgewehr-Disziplinen geschossen. <br>In Rauenberg fanden zeitgleich die Wettk\u00e4mpfe der Luftpistolensch\u00fctzen statt. <br><br>Dabei konnten eine Reihe von guten Platzierungen erzielt werden:<\/p>\n\n\n\n<p><strong>Luftgewehr:<\/strong><\/p>\n\n\n\n<p>1.  Pl\u00e4tze durch <strong>Bernd Hollschuh<\/strong> (Herren IV) und <strong>Henrike Wehse<\/strong> (Junioren I weiblich)<br>2. Platz durch die Mannschaft (Herren IV) mit <strong>Bernd Hollschuh<\/strong>, <strong>Bernd Sch\u00fctz<\/strong> und <strong>Andreas Reinig<\/strong><\/p>\n\n\n\n<p><strong>Luftpistole:<\/strong><\/p>\n\n\n\n<p>1.  Pl\u00e4tze durch <strong>Gerd Korn<\/strong> (Herren IV) und <strong>Nicola Mielke<\/strong> (Damen IV)<\/p>\n\n\n\n<p><\/p>\n\n\n\n<p><\/p>\n","protected":false},"excerpt":{"rendered":"<p>19.03.2025: Weitere Erfolge bei den Kreismeisterschaften 2025 der Sportsch\u00fctzen Nachdem in den letzten Wochen bereits die Wettk\u00e4mpfe der Luftpistolen- und Luftgewehrsch\u00fctzen stattfanden, wurden an den beiden vergangenen Wochenenden die Meisterschaften der Kleinkalibersch\u00fctzen fortgesetzt. Es wurden Wettk\u00e4mpfe in den Disziplinen 50 m Auflage, 100 m frei und 100 m Auflage ausgetragen. Dabei wurden die 50m wieder &hellip; <a href=\"https:\/\/ssv-sandhausen.de\/?page_id=3525\" class=\"more-link\"><span class=\"screen-reader-text\">\u201eKM 2025 \u2013 Berichte\u201c <\/span>weiterlesen<\/a><\/p>\n","protected":false},"author":4,"featured_media":0,"parent":0,"menu_order":0,"comment_status":"closed","ping_status":"closed","template":"","meta":{"footnotes":""},"class_list":["post-3525","page","type-page","status-publish","hentry"],"_links":{"self":[{"href":"https:\/\/ssv-sandhausen.de\/index.php?rest_route=\/wp\/v2\/pages\/3525","targetHints":{"allow":["GET"]}}],"collection":[{"href":"https:\/\/ssv-sandhausen.de\/index.php?rest_route=\/wp\/v2\/pages"}],"about":[{"href":"https:\/\/ssv-sandhausen.de\/index.php?rest_route=\/wp\/v2\/types\/page"}],"author":[{"embeddable":true,"href":"https:\/\/ssv-sandhausen.de\/index.php?rest_route=\/wp\/v2\/users\/4"}],"replies":[{"embeddable":true,"href":"https:\/\/ssv-sandhausen.de\/index.php?rest_route=%2Fwp%2Fv2%2Fcomments&post=3525"}],"version-history":[{"count":6,"href":"https:\/\/ssv-sandhausen.de\/index.php?rest_route=\/wp\/v2\/pages\/3525\/revisions"}],"predecessor-version":[{"id":3531,"href":"https:\/\/ssv-sandhausen.de\/index.php?rest_route=\/wp\/v2\/pages\/3525\/revisions\/3531"}],"wp:attachment":[{"href":"https:\/\/ssv-sandhausen.de\/index.php?rest_route=%2Fwp%2Fv2%2Fmedia&parent=3525"}],"curies":[{"name":"wp","href":"https:\/\/api.w.org\/{rel}","templated":true}]}}