{"id":3274,"date":"2025-02-13T08:46:59","date_gmt":"2025-02-13T08:46:59","guid":{"rendered":"https:\/\/ssv-sandhausen.de\/?page_id=3274"},"modified":"2025-02-13T08:46:59","modified_gmt":"2025-02-13T08:46:59","slug":"rwk-auflage-endkampf-2024-25","status":"publish","type":"page","link":"https:\/\/ssv-sandhausen.de\/?page_id=3274","title":{"rendered":"RWK Auflage &#8211; Endkampf 2024\/25"},"content":{"rendered":"\n<p>Der Endkampf der Auflagerunde am 11. Februar 2025 wurde gemeinsam von den Luftgewehr- und Luftpistolen-Sch\u00fctzen in Sandhausen durchgef\u00fchrt.<br><br>Beim Luftgewehr traten 7 Mannschaften mit insgesamt 31 Sch\u00fctzen an, bei der Luftpistole waren es 6 Mannschaften mit 22 Sch\u00fctzen.<\/p>\n\n\n\n<p>Wenn man sich die Ergebnisse zu Gem\u00fcte f\u00fchrt, kann man eine Leistungssteigerung feststellen.<br>F\u00fcr die kommenden Kreis-Meisterschaften l\u00e4sst das auf gute Platzierungen unserer Sch\u00fctzen hoffen.<\/p>\n\n\n\n<p><\/p>\n\n\n\n<p><strong>Eindr\u00fccke vom Wettkampf:<\/strong><\/p>\n\n\n\n<figure class=\"wp-block-image size-large\"><img decoding=\"async\" src=\"https:\/\/ssv-sandhausen.de\/wp-content\/uploads\/2025\/02\/Endkampf_20250212-WA0000.jpg\" alt=\"\"\/><\/figure>\n\n\n\n<p><\/p>\n\n\n\n<figure class=\"wp-block-image size-large\"><img decoding=\"async\" src=\"https:\/\/ssv-sandhausen.de\/wp-content\/uploads\/2025\/02\/Endkampf_20250212-WA0001.jpg\" alt=\"\"\/><\/figure>\n\n\n\n<p><\/p>\n\n\n\n<figure class=\"wp-block-image size-large\"><img decoding=\"async\" src=\"https:\/\/ssv-sandhausen.de\/wp-content\/uploads\/2025\/02\/Endkampf_20250212-WA0005.jpg\" alt=\"\"\/><\/figure>\n\n\n\n<p><\/p>\n\n\n\n<figure class=\"wp-block-image size-large\"><img decoding=\"async\" src=\"https:\/\/ssv-sandhausen.de\/wp-content\/uploads\/2025\/02\/Endkampf_20250212-WA0002.jpg\" alt=\"\"\/><\/figure>\n\n\n\n<p><\/p>\n\n\n\n<figure class=\"wp-block-image size-large\"><img decoding=\"async\" src=\"https:\/\/ssv-sandhausen.de\/wp-content\/uploads\/2025\/02\/Endkampf_20250212-WA0003.jpg\" alt=\"\"\/><\/figure>\n\n\n\n<p><\/p>\n\n\n\n<p><strong>Abschlussbesprechung:<\/strong><\/p>\n\n\n\n<figure class=\"wp-block-image size-large\"><img decoding=\"async\" src=\"https:\/\/ssv-sandhausen.de\/wp-content\/uploads\/2025\/02\/Endkampf_20250212-WA0004_40Pro.jpg\" alt=\"\"\/><\/figure>\n\n\n\n<p><\/p>\n","protected":false},"excerpt":{"rendered":"<p>Der Endkampf der Auflagerunde am 11. Februar 2025 wurde gemeinsam von den Luftgewehr- und Luftpistolen-Sch\u00fctzen in Sandhausen durchgef\u00fchrt. Beim Luftgewehr traten 7 Mannschaften mit insgesamt 31 Sch\u00fctzen an, bei der Luftpistole waren es 6 Mannschaften mit 22 Sch\u00fctzen. Wenn man sich die Ergebnisse zu Gem\u00fcte f\u00fchrt, kann man eine Leistungssteigerung feststellen.F\u00fcr die kommenden Kreis-Meisterschaften l\u00e4sst &hellip; <a href=\"https:\/\/ssv-sandhausen.de\/?page_id=3274\" class=\"more-link\"><span class=\"screen-reader-text\">\u201eRWK Auflage &#8211; Endkampf 2024\/25\u201c <\/span>weiterlesen<\/a><\/p>\n","protected":false},"author":4,"featured_media":0,"parent":0,"menu_order":0,"comment_status":"closed","ping_status":"closed","template":"","meta":{"footnotes":""},"class_list":["post-3274","page","type-page","status-publish","hentry"],"_links":{"self":[{"href":"https:\/\/ssv-sandhausen.de\/index.php?rest_route=\/wp\/v2\/pages\/3274","targetHints":{"allow":["GET"]}}],"collection":[{"href":"https:\/\/ssv-sandhausen.de\/index.php?rest_route=\/wp\/v2\/pages"}],"about":[{"href":"https:\/\/ssv-sandhausen.de\/index.php?rest_route=\/wp\/v2\/types\/page"}],"author":[{"embeddable":true,"href":"https:\/\/ssv-sandhausen.de\/index.php?rest_route=\/wp\/v2\/users\/4"}],"replies":[{"embeddable":true,"href":"https:\/\/ssv-sandhausen.de\/index.php?rest_route=%2Fwp%2Fv2%2Fcomments&post=3274"}],"version-history":[{"count":3,"href":"https:\/\/ssv-sandhausen.de\/index.php?rest_route=\/wp\/v2\/pages\/3274\/revisions"}],"predecessor-version":[{"id":3278,"href":"https:\/\/ssv-sandhausen.de\/index.php?rest_route=\/wp\/v2\/pages\/3274\/revisions\/3278"}],"wp:attachment":[{"href":"https:\/\/ssv-sandhausen.de\/index.php?rest_route=%2Fwp%2Fv2%2Fmedia&parent=3274"}],"curies":[{"name":"wp","href":"https:\/\/api.w.org\/{rel}","templated":true}]}}