{"id":3159,"date":"2025-01-07T13:15:01","date_gmt":"2025-01-07T13:15:01","guid":{"rendered":"https:\/\/ssv-sandhausen.de\/?page_id=3159"},"modified":"2026-04-17T06:01:56","modified_gmt":"2026-04-17T06:01:56","slug":"aktuelles","status":"publish","type":"page","link":"https:\/\/ssv-sandhausen.de\/?page_id=3159","title":{"rendered":"Aktuelles"},"content":{"rendered":"\n<p><\/p>\n\n\n\n<figure class=\"wp-block-table\"><table class=\"has-fixed-layout\"><tbody><tr><td>Stand der Homepage: 17.04.2026<\/td><\/tr><tr><td><a href=\"https:\/\/ssv-sandhausen.de\/?page_id=3291\">Chronologie der Homepage-Aktualisierungen<\/a><\/td><\/tr><\/tbody><\/table><\/figure>\n\n\n\n<p>\ufeff<\/p>\n\n\n\n<p id=\"block-d775245e-d159-43bb-a4b4-a39278a595b3\"><strong>Aktuelle Termine 2026<\/strong>:<\/p>\n\n\n\n<p id=\"block-dd30cc5f-40ce-4b77-a82b-ebd953cc908d\"><\/p>\n\n\n\n<figure class=\"wp-block-table\"><table class=\"has-fixed-layout\"><tbody><tr><td>Samstag, 07.11.2026<\/td><td>Landesk\u00f6nigsball<\/td><\/tr><tr><td><\/td><td><\/td><\/tr><tr><td>weitere Termine<\/td><td><a href=\"https:\/\/ssv-sandhausen.de\/wp-content\/uploads\/2025\/12\/2025_12_12_Termine_2026.pdf\">Stand 12.12.2025<\/a><\/td><\/tr><\/tbody><\/table><\/figure>\n\n\n\n<p id=\"block-bf017d09-326e-4fd0-8bc4-9b5d1bb9239d\"><\/p>\n\n\n\n<p id=\"block-0d56305e-6816-4c46-9f05-cc9a32af8709\"><\/p>\n\n\n\n<p id=\"block-76ee18bb-9dfb-452d-af33-7c8df157eaee\"><strong>Allgemeine Trainingszeiten Pistolen- und Gewehrsch\u00fctzen<\/strong><\/p>\n\n\n\n<figure class=\"wp-block-table\"><table class=\"has-fixed-layout\"><tbody><tr><td>Dienstag<\/td><td>18:00 Uhr \u2013 21:00 Uhr<\/td><\/tr><tr><td>Freitag<\/td><td>18:00 Uhr \u2013 21:00 Uhr<\/td><\/tr><tr><td>Sonntag<\/td><td>10:00 Uhr \u2013 12:00 Uhr<\/td><\/tr><\/tbody><\/table><\/figure>\n\n\n\n<p id=\"block-a1ea9c2c-c109-4b3c-9954-d492692dddb8\"><\/p>\n\n\n\n<p id=\"block-21163f9f-35f1-443a-b4cd-816d24e880d1\"><strong>Trainingszeiten f\u00fcr die Jugend (Pistole und Gewehr)<\/strong><\/p>\n\n\n\n<figure class=\"wp-block-table\"><table class=\"has-fixed-layout\"><tbody><tr><td>Dienstag<\/td><td>18:00 Uhr \u2013 19:00 Uhr<\/td><\/tr><\/tbody><\/table><\/figure>\n\n\n\n<p id=\"block-c1dc5f4c-0e25-46b8-b6bd-a9e81cd2c1a1\"><\/p>\n\n\n\n<p id=\"block-3864f615-a152-4bd2-bf7d-32b07121c715\">Das Training mit Luftpistole, Luftgewehr und Kleinkaliber-Gewehr findet auf unserer Schie\u00dfanlage mit elektronischer Trefferauswertung statt.<\/p>\n\n\n\n<p id=\"block-1912144e-5cb7-4a62-91ee-48903901e2e9\"><strong>Trainingszeiten Bogensch\u00fctzen<\/strong><\/p>\n\n\n\n<figure class=\"wp-block-table\"><table class=\"has-fixed-layout\"><tbody><tr><td>Dienstag<\/td><td>18:00 Uhr \u2013 21:00 Uhr<\/td><\/tr><\/tbody><\/table><\/figure>\n\n\n\n<p id=\"block-06260d6e-8b61-4daa-906b-17eb0eb382e5\">Bei Interesse einfach am Dienstag zum Training vorbeischauen. Gerne lassen wir uns \u00fcber die Schulter schauen und auch ein Probeschie\u00dfen ist m\u00f6glich.<\/p>\n\n\n\n<p><\/p>\n\n\n\n<p><\/p>\n\n\n\n<p><\/p>\n\n\n\n<p><\/p>\n\n\n\n<p><\/p>\n","protected":false},"excerpt":{"rendered":"<p>Stand der Homepage: 17.04.2026 Chronologie der Homepage-Aktualisierungen \ufeff Aktuelle Termine 2026: Samstag, 07.11.2026 Landesk\u00f6nigsball weitere Termine Stand 12.12.2025 Allgemeine Trainingszeiten Pistolen- und Gewehrsch\u00fctzen Dienstag 18:00 Uhr \u2013 21:00 Uhr Freitag 18:00 Uhr \u2013 21:00 Uhr Sonntag 10:00 Uhr \u2013 12:00 Uhr Trainingszeiten f\u00fcr die Jugend (Pistole und Gewehr) Dienstag 18:00 Uhr \u2013 19:00 Uhr Das &hellip; <a href=\"https:\/\/ssv-sandhausen.de\/?page_id=3159\" class=\"more-link\"><span class=\"screen-reader-text\">\u201eAktuelles\u201c <\/span>weiterlesen<\/a><\/p>\n","protected":false},"author":4,"featured_media":0,"parent":0,"menu_order":0,"comment_status":"closed","ping_status":"closed","template":"","meta":{"footnotes":""},"class_list":["post-3159","page","type-page","status-publish","hentry"],"_links":{"self":[{"href":"https:\/\/ssv-sandhausen.de\/index.php?rest_route=\/wp\/v2\/pages\/3159","targetHints":{"allow":["GET"]}}],"collection":[{"href":"https:\/\/ssv-sandhausen.de\/index.php?rest_route=\/wp\/v2\/pages"}],"about":[{"href":"https:\/\/ssv-sandhausen.de\/index.php?rest_route=\/wp\/v2\/types\/page"}],"author":[{"embeddable":true,"href":"https:\/\/ssv-sandhausen.de\/index.php?rest_route=\/wp\/v2\/users\/4"}],"replies":[{"embeddable":true,"href":"https:\/\/ssv-sandhausen.de\/index.php?rest_route=%2Fwp%2Fv2%2Fcomments&post=3159"}],"version-history":[{"count":28,"href":"https:\/\/ssv-sandhausen.de\/index.php?rest_route=\/wp\/v2\/pages\/3159\/revisions"}],"predecessor-version":[{"id":4625,"href":"https:\/\/ssv-sandhausen.de\/index.php?rest_route=\/wp\/v2\/pages\/3159\/revisions\/4625"}],"wp:attachment":[{"href":"https:\/\/ssv-sandhausen.de\/index.php?rest_route=%2Fwp%2Fv2%2Fmedia&parent=3159"}],"curies":[{"name":"wp","href":"https:\/\/api.w.org\/{rel}","templated":true}]}}