{"id":3011,"date":"2024-11-27T16:39:53","date_gmt":"2024-11-27T16:39:53","guid":{"rendered":"https:\/\/ssv-sandhausen.de\/?page_id=3011"},"modified":"2024-11-29T09:20:17","modified_gmt":"2024-11-29T09:20:17","slug":"vereins-chroniken-neu","status":"publish","type":"page","link":"https:\/\/ssv-sandhausen.de\/?page_id=3011","title":{"rendered":"Vereins-Chroniken SSV"},"content":{"rendered":"\n<p><\/p>\n\n\n\n<figure class=\"wp-block-table\"><table class=\"has-fixed-layout\"><tbody><tr><td><a href=\"https:\/\/ssv-sandhausen.de\/wp-content\/uploads\/2021\/04\/Chronik.pdf\"><img loading=\"lazy\" decoding=\"async\" width=\"150\" height=\"150\" class=\"wp-image-1152\" style=\"width: 150px;\" src=\"https:\/\/ssv-sandhausen.de\/wp-content\/uploads\/2021\/04\/word-image-6.png\" alt=\"\" srcset=\"https:\/\/ssv-sandhausen.de\/wp-content\/uploads\/2021\/04\/word-image-6.png 157w, https:\/\/ssv-sandhausen.de\/wp-content\/uploads\/2021\/04\/word-image-6-150x150.png 150w\" sizes=\"auto, (max-width: 150px) 85vw, 150px\" \/><\/a><\/td><td><a href=\"https:\/\/ssv-sandhausen.de\/wp-content\/uploads\/2021\/04\/Chronik-Vorstaende.pdf\"><img loading=\"lazy\" decoding=\"async\" width=\"150\" height=\"150\" class=\"wp-image-1154\" style=\"width: 150px;\" src=\"https:\/\/ssv-sandhausen.de\/wp-content\/uploads\/2021\/04\/word-image-8.png\" alt=\"\" srcset=\"https:\/\/ssv-sandhausen.de\/wp-content\/uploads\/2021\/04\/word-image-8.png 157w, https:\/\/ssv-sandhausen.de\/wp-content\/uploads\/2021\/04\/word-image-8-150x150.png 150w\" sizes=\"auto, (max-width: 150px) 85vw, 150px\" \/><\/a><\/td><td><a href=\"https:\/\/ssv-sandhausen.de\/wp-content\/uploads\/2024\/11\/Schuetzenkoenige_2024_11_29.pdf\"><img loading=\"lazy\" decoding=\"async\" width=\"150\" height=\"150\" class=\"wp-image-1152\" style=\"width: 150px;\" src=\"https:\/\/ssv-sandhausen.de\/wp-content\/uploads\/2021\/04\/word-image-6.png\" alt=\"\" srcset=\"https:\/\/ssv-sandhausen.de\/wp-content\/uploads\/2021\/04\/word-image-6.png 157w, https:\/\/ssv-sandhausen.de\/wp-content\/uploads\/2021\/04\/word-image-6-150x150.png 150w\" sizes=\"auto, (max-width: 150px) 85vw, 150px\" \/><\/a><\/td><td><a href=\"https:\/\/ssv-sandhausen.de\/wp-content\/uploads\/2020\/07\/chronik_jadghorn.pdf\"><img loading=\"lazy\" decoding=\"async\" width=\"150\" height=\"150\" class=\"wp-image-1154\" style=\"width: 150px;\" src=\"https:\/\/ssv-sandhausen.de\/wp-content\/uploads\/2021\/04\/word-image-8.png\" alt=\"\" srcset=\"https:\/\/ssv-sandhausen.de\/wp-content\/uploads\/2021\/04\/word-image-8.png 157w, https:\/\/ssv-sandhausen.de\/wp-content\/uploads\/2021\/04\/word-image-8-150x150.png 150w\" sizes=\"auto, (max-width: 150px) 85vw, 150px\" \/><\/a><\/td><td><a href=\"https:\/\/ssv-sandhausen.de\/wp-content\/uploads\/2024\/11\/Deutsche-Meistertitel_2024_11_29.pdf\"><img loading=\"lazy\" decoding=\"async\" width=\"150\" height=\"150\" class=\"wp-image-1152\" style=\"width: 150px;\" src=\"https:\/\/ssv-sandhausen.de\/wp-content\/uploads\/2021\/04\/word-image-6.png\" alt=\"\" srcset=\"https:\/\/ssv-sandhausen.de\/wp-content\/uploads\/2021\/04\/word-image-6.png 157w, https:\/\/ssv-sandhausen.de\/wp-content\/uploads\/2021\/04\/word-image-6-150x150.png 150w\" sizes=\"auto, (max-width: 150px) 85vw, 150px\" \/><\/a><\/td><\/tr><tr><td>Verein<\/td><td>Vorst\u00e4nde<\/td><td>K\u00f6nige<\/td><td>Jagdbl\u00e4ser<\/td><td>deutsche Meistertitel<\/td><\/tr><\/tbody><\/table><\/figure>\n\n\n\n<p><\/p>\n\n\n\n<p><\/p>\n","protected":false},"excerpt":{"rendered":"<p>Verein Vorst\u00e4nde K\u00f6nige Jagdbl\u00e4ser deutsche Meistertitel<\/p>\n","protected":false},"author":4,"featured_media":0,"parent":0,"menu_order":0,"comment_status":"closed","ping_status":"closed","template":"","meta":{"footnotes":""},"class_list":["post-3011","page","type-page","status-publish","hentry"],"_links":{"self":[{"href":"https:\/\/ssv-sandhausen.de\/index.php?rest_route=\/wp\/v2\/pages\/3011","targetHints":{"allow":["GET"]}}],"collection":[{"href":"https:\/\/ssv-sandhausen.de\/index.php?rest_route=\/wp\/v2\/pages"}],"about":[{"href":"https:\/\/ssv-sandhausen.de\/index.php?rest_route=\/wp\/v2\/types\/page"}],"author":[{"embeddable":true,"href":"https:\/\/ssv-sandhausen.de\/index.php?rest_route=\/wp\/v2\/users\/4"}],"replies":[{"embeddable":true,"href":"https:\/\/ssv-sandhausen.de\/index.php?rest_route=%2Fwp%2Fv2%2Fcomments&post=3011"}],"version-history":[{"count":12,"href":"https:\/\/ssv-sandhausen.de\/index.php?rest_route=\/wp\/v2\/pages\/3011\/revisions"}],"predecessor-version":[{"id":3041,"href":"https:\/\/ssv-sandhausen.de\/index.php?rest_route=\/wp\/v2\/pages\/3011\/revisions\/3041"}],"wp:attachment":[{"href":"https:\/\/ssv-sandhausen.de\/index.php?rest_route=%2Fwp%2Fv2%2Fmedia&parent=3011"}],"curies":[{"name":"wp","href":"https:\/\/api.w.org\/{rel}","templated":true}]}}