{"id":2904,"date":"2024-10-31T12:18:43","date_gmt":"2024-10-31T12:18:43","guid":{"rendered":"https:\/\/ssv-sandhausen.de\/?page_id=2904"},"modified":"2025-02-13T08:52:55","modified_gmt":"2025-02-13T08:52:55","slug":"rwk-lg-auflage-ergebnisse-2024-25","status":"publish","type":"page","link":"https:\/\/ssv-sandhausen.de\/?page_id=2904","title":{"rendered":"RWK LG Auflage &#8211; Ergebnisse 2024\/25"},"content":{"rendered":"\n<p class=\"has-medium-font-size\"><strong>Runde 7 (Endkampf) &#8211; 11. Februar  2025<\/strong><\/p>\n\n\n\n<figure class=\"wp-block-image size-large\"><img decoding=\"async\" src=\"https:\/\/ssv-sandhausen.de\/wp-content\/uploads\/2025\/02\/RWK_24_25_LG_R_7_Tabelle.png\" alt=\"\"\/><\/figure>\n\n\n\n<p><\/p>\n\n\n\n<figure class=\"wp-block-image size-large\"><img decoding=\"async\" src=\"https:\/\/ssv-sandhausen.de\/wp-content\/uploads\/2025\/02\/RWK_24_25_LG_R_7_Einzel.png\" alt=\"\"\/><\/figure>\n\n\n\n<p><\/p>\n\n\n\n<p class=\"has-medium-font-size\"><strong>Runde 6 &#8211; 31. Januar 2025<\/strong><\/p>\n\n\n\n<figure class=\"wp-block-image size-large\"><img decoding=\"async\" src=\"https:\/\/ssv-sandhausen.de\/wp-content\/uploads\/2025\/02\/RWK_24_25_LG_R_6_Tabelle.png\" alt=\"\"\/><\/figure>\n\n\n\n<p><\/p>\n\n\n\n<figure class=\"wp-block-image size-large\"><img decoding=\"async\" src=\"https:\/\/ssv-sandhausen.de\/wp-content\/uploads\/2025\/02\/RWK_24_25_LG_R_6_Einzel.png\" alt=\"\"\/><\/figure>\n\n\n\n<p><\/p>\n\n\n\n<p class=\"has-medium-font-size\"><strong>Runde 5 \u2013 16. und 17. Januar 2025<\/strong><\/p>\n\n\n\n<figure class=\"wp-block-image size-large\"><img decoding=\"async\" src=\"https:\/\/ssv-sandhausen.de\/wp-content\/uploads\/2025\/01\/RWK_24_25_LG_R_5_Tabelle.png\" alt=\"\"\/><\/figure>\n\n\n\n<p><\/p>\n\n\n\n<figure class=\"wp-block-image size-large\"><img decoding=\"async\" src=\"https:\/\/ssv-sandhausen.de\/wp-content\/uploads\/2025\/01\/RWK_24_25_LG_R_5_Einzel.png\" alt=\"\"\/><\/figure>\n\n\n\n<p><\/p>\n\n\n\n<p class=\"has-medium-font-size\"><strong>Runde 4 \u2013 05. und 06. Dezember 2024<\/strong><\/p>\n\n\n\n<figure class=\"wp-block-image size-large\"><img decoding=\"async\" src=\"https:\/\/ssv-sandhausen.de\/wp-content\/uploads\/2024\/12\/RWK_24_25_LG_R_4_Tabelle.png\" alt=\"\"\/><\/figure>\n\n\n\n<p><\/p>\n\n\n\n<figure class=\"wp-block-image size-large\"><img decoding=\"async\" src=\"https:\/\/ssv-sandhausen.de\/wp-content\/uploads\/2024\/12\/RWK_24_25_LG_R_4_Einzel.png\" alt=\"\"\/><\/figure>\n\n\n\n<p><\/p>\n\n\n\n<p class=\"has-medium-font-size\"><strong>Runde 3 &#8211; 21. und 22. November 2024<\/strong><\/p>\n\n\n\n<figure class=\"wp-block-image size-large\"><img decoding=\"async\" src=\"https:\/\/ssv-sandhausen.de\/wp-content\/uploads\/2024\/11\/RWK_24_25_LG_R_3_Tabelle.png\" alt=\"\"\/><\/figure>\n\n\n\n<p><\/p>\n\n\n\n<figure class=\"wp-block-image size-large\"><img decoding=\"async\" src=\"https:\/\/ssv-sandhausen.de\/wp-content\/uploads\/2024\/11\/RWK_24_25_LG_R_3_Einzel.png\" alt=\"\"\/><\/figure>\n\n\n\n<p><\/p>\n\n\n\n<p class=\"has-medium-font-size\"><strong>Runde 2 &#8211; 04. und 08. November 2024<\/strong><\/p>\n\n\n\n<figure class=\"wp-block-image size-large\"><img decoding=\"async\" src=\"https:\/\/ssv-sandhausen.de\/wp-content\/uploads\/2024\/11\/RWK_24_25_LG_R_2_Tabelle.png\" alt=\"\"\/><\/figure>\n\n\n\n<p><\/p>\n\n\n\n<figure class=\"wp-block-image size-large\"><img decoding=\"async\" src=\"https:\/\/ssv-sandhausen.de\/wp-content\/uploads\/2024\/11\/RWK_24_25_LG_R_2_Einzel.png\" alt=\"\"\/><\/figure>\n\n\n\n<p><\/p>\n\n\n\n<p class=\"has-medium-font-size\"><strong>Runde 1 &#8211; 21. und 25. Oktober 2024<\/strong><\/p>\n\n\n\n<p>Im ersten Wettkampf der Luftgewehrsch\u00fctzen konnte unsere erste Mannschaft (Bernd Hollschuh, Bernd Sch\u00fctz, Eleonore Hollschuh) 929,9 Ringe erzielen, was in der Mannschaftswertung f\u00fcr einen 2. Platz reichte.<br>Sieger des ersten Wettkampftages wurde SSV St.Ilgen 1 mit sehr guten 941,6 Ringen.<\/p>\n\n\n\n<p>Unser zweites Team (Andreas Baier, Boris Hofmann, Burkhard Wehse) kamen mit 902,6 Ringen auf den 5. Platz der Mannschaftswertung.<\/p>\n\n\n\n<figure class=\"wp-block-image size-large\"><img decoding=\"async\" src=\"https:\/\/ssv-sandhausen.de\/wp-content\/uploads\/2024\/11\/RWK_24_25_LG_R_1_Tabelle_V2.png\" alt=\"\"\/><\/figure>\n\n\n\n<p><\/p>\n\n\n\n<figure class=\"wp-block-image size-large\"><img decoding=\"async\" src=\"https:\/\/ssv-sandhausen.de\/wp-content\/uploads\/2024\/11\/RWK_24_25_LG_R_1_Einzel_V2.png\" alt=\"\"\/><\/figure>\n\n\n\n<p><\/p>\n\n\n\n<p><\/p>\n","protected":false},"excerpt":{"rendered":"<p>Runde 7 (Endkampf) &#8211; 11. Februar 2025 Runde 6 &#8211; 31. Januar 2025 Runde 5 \u2013 16. und 17. Januar 2025 Runde 4 \u2013 05. und 06. Dezember 2024 Runde 3 &#8211; 21. und 22. November 2024 Runde 2 &#8211; 04. und 08. November 2024 Runde 1 &#8211; 21. und 25. Oktober 2024 Im ersten &hellip; <a href=\"https:\/\/ssv-sandhausen.de\/?page_id=2904\" class=\"more-link\"><span class=\"screen-reader-text\">\u201eRWK LG Auflage &#8211; Ergebnisse 2024\/25\u201c <\/span>weiterlesen<\/a><\/p>\n","protected":false},"author":4,"featured_media":0,"parent":0,"menu_order":0,"comment_status":"closed","ping_status":"closed","template":"","meta":{"footnotes":""},"class_list":["post-2904","page","type-page","status-publish","hentry"],"_links":{"self":[{"href":"https:\/\/ssv-sandhausen.de\/index.php?rest_route=\/wp\/v2\/pages\/2904","targetHints":{"allow":["GET"]}}],"collection":[{"href":"https:\/\/ssv-sandhausen.de\/index.php?rest_route=\/wp\/v2\/pages"}],"about":[{"href":"https:\/\/ssv-sandhausen.de\/index.php?rest_route=\/wp\/v2\/types\/page"}],"author":[{"embeddable":true,"href":"https:\/\/ssv-sandhausen.de\/index.php?rest_route=\/wp\/v2\/users\/4"}],"replies":[{"embeddable":true,"href":"https:\/\/ssv-sandhausen.de\/index.php?rest_route=%2Fwp%2Fv2%2Fcomments&post=2904"}],"version-history":[{"count":11,"href":"https:\/\/ssv-sandhausen.de\/index.php?rest_route=\/wp\/v2\/pages\/2904\/revisions"}],"predecessor-version":[{"id":3280,"href":"https:\/\/ssv-sandhausen.de\/index.php?rest_route=\/wp\/v2\/pages\/2904\/revisions\/3280"}],"wp:attachment":[{"href":"https:\/\/ssv-sandhausen.de\/index.php?rest_route=%2Fwp%2Fv2%2Fmedia&parent=2904"}],"curies":[{"name":"wp","href":"https:\/\/api.w.org\/{rel}","templated":true}]}}