{"id":2832,"date":"2024-10-30T10:08:47","date_gmt":"2024-10-30T10:08:47","guid":{"rendered":"https:\/\/ssv-sandhausen.de\/?page_id=2832"},"modified":"2025-01-28T13:45:21","modified_gmt":"2025-01-28T13:45:21","slug":"oberliga-lp-berichte","status":"publish","type":"page","link":"https:\/\/ssv-sandhausen.de\/?page_id=2832","title":{"rendered":"Oberliga LP &#8211; Berichte"},"content":{"rendered":"\n<p class=\"has-medium-font-size\"><strong>4. Wettkampftag am 26.01.2025<\/strong><\/p>\n\n\n\n<p>Nach dem letzten Wettkampftag f\u00fchren wir die Tabelle souver\u00e4n mit 12:0 Mannschaftpunkten an.<\/p>\n\n\n\n<p>Unsere j\u00fcngste Luftpistolen-Sch\u00fctzin Sara Hartmann bestritt an diesem Tag ihren ersten Ligawettkampf und Sascha Nikolaus erreichte in seinem letzten Wettkampf 377 Ringe &#8211; ein super Ergebnis!.<\/p>\n\n\n\n<p><\/p>\n\n\n\n<figure class=\"wp-block-image size-large\"><img decoding=\"async\" src=\"https:\/\/ssv-sandhausen.de\/wp-content\/uploads\/2025\/01\/IMG-20250127-WA0000_70.png\" alt=\"\"\/><\/figure>\n\n\n\n<p><\/p>\n\n\n\n<figure class=\"wp-block-image size-large\"><img decoding=\"async\" src=\"https:\/\/ssv-sandhausen.de\/wp-content\/uploads\/2025\/01\/IMG-20250127-WA0001_60.png\" alt=\"\"\/><\/figure>\n\n\n\n<p>Stephan Edelmaier<\/p>\n\n\n\n<p><\/p>\n\n\n\n<figure class=\"wp-block-image size-large\"><img decoding=\"async\" src=\"https:\/\/ssv-sandhausen.de\/wp-content\/uploads\/2025\/01\/IMG-20250127-WA0002.jpg\" alt=\"\"\/><\/figure>\n\n\n\n<p>Sara Hartmann<\/p>\n\n\n\n<p><\/p>\n\n\n\n<p class=\"has-medium-font-size\"><strong>2. Wettkampftag am 16.11.2024<\/strong><\/p>\n\n\n\n<p>Wir haben heute 4:1 gewonnen und f\u00fchren die Tabelle mit 6:0 Mannschaftspunkten an.<\/p>\n\n\n\n<p><br>Dies spiegelt sich auch in der Einzelwertung unserer Sch\u00fctzen wider:<\/p>\n\n\n\n<figure class=\"wp-block-image size-large\"><img decoding=\"async\" src=\"https:\/\/ssv-sandhausen.de\/wp-content\/uploads\/2024\/11\/OL_24_25_LP_R_3_Einzelges.png\" alt=\"\"\/><\/figure>\n\n\n\n<p><\/p>\n\n\n\n<p><strong>Eindr\u00fccke von diesem Wettkampftag:<\/strong><\/p>\n\n\n\n<figure class=\"wp-block-image size-large\"><img decoding=\"async\" src=\"https:\/\/ssv-sandhausen.de\/wp-content\/uploads\/2024\/11\/OL_LP_2024_11_16-20241116-WA0012.jpg\" alt=\"\"\/><\/figure>\n\n\n\n<p><\/p>\n\n\n\n<figure class=\"wp-block-image size-large\"><img decoding=\"async\" src=\"https:\/\/ssv-sandhausen.de\/wp-content\/uploads\/2024\/11\/OL_LP_2024_11_16-20241116-WA0000.jpg\" alt=\"\"\/><\/figure>\n\n\n\n<p><\/p>\n\n\n\n<figure class=\"wp-block-image size-large\"><img decoding=\"async\" src=\"https:\/\/ssv-sandhausen.de\/wp-content\/uploads\/2024\/11\/OL_LP_2024_11_16-20241116-WA0001.jpg\" alt=\"\"\/><\/figure>\n\n\n\n<p><\/p>\n\n\n\n<figure class=\"wp-block-image size-large\"><img decoding=\"async\" src=\"https:\/\/ssv-sandhausen.de\/wp-content\/uploads\/2024\/11\/OL_LP_2024_11_16-20241116-WA0006.jpg\" alt=\"\"\/><\/figure>\n\n\n\n<p><\/p>\n\n\n\n<figure class=\"wp-block-image size-large\"><img decoding=\"async\" src=\"https:\/\/ssv-sandhausen.de\/wp-content\/uploads\/2024\/11\/OL_LP_2024_11_16-20241116-WA0007.jpg\" alt=\"\"\/><\/figure>\n\n\n\n<p><\/p>\n\n\n\n<figure class=\"wp-block-image size-large\"><img decoding=\"async\" src=\"https:\/\/ssv-sandhausen.de\/wp-content\/uploads\/2024\/11\/OL_LP_2024_11_16-20241116-WA0010.jpg\" alt=\"\"\/><\/figure>\n\n\n\n<p><\/p>\n\n\n\n<figure class=\"wp-block-image size-large\"><img decoding=\"async\" src=\"https:\/\/ssv-sandhausen.de\/wp-content\/uploads\/2024\/11\/OL_LP_2024_11_16-20241116-WA0011.jpg\" alt=\"\"\/><\/figure>\n\n\n\n<p><\/p>\n\n\n\n<p class=\"has-medium-font-size\">1. Wettkampftag am 27.10.2024<\/p>\n\n\n\n<p>Am Sonntag, 27.10.2024 war es soweit. Die Liga Saison w\u00fcrde er\u00f6ffnet.<\/p>\n\n\n\n<p>Unser 1. Luftpistolen Team trat an, allerdings in der Oberliga.<br>Zu Gast in Ispringen wurden wir herzlich empfangen und als ehemaliger Bundesligist klar als Favorit gesehen.<br>In entspannter Atmosph\u00e4re ging es dann auch in den ersten Wettkampf gegen den Aufsteiger SG Seckenheim.<\/p>\n\n\n\n<p>In unserem Team waren folgende Sch\u00fctzen gesetzt.<br>Robert Pf\u00fctze, Jochen R\u00fcbling, Dominik Roller, Sascha Nikolaus, Martin Just<\/p>\n\n\n\n<p>Fulminat ging es f\u00fcr unser Team los, zumindest auf den ersten zwei gesetzten Paarungen.<br>Robert Pf\u00fctze und Jochen R\u00fcbling lie\u00dfen Ihren Gegner keine Chance.<br>Auch die Paarung 4 mit Sascha Nikolaus, er schoss auf hohem Niveau (2. Serie 97 Ringe), begann sehr vielversprechend und war bis zum Ende nie gef\u00e4hrdet.<br>Lediglich Dominik Roller und Martin Just kamen nur sehr schwer mit den Gegebenheiten zurecht und blieben hinter Ihren Erwartungen zur\u00fcck. Dennoch konnte zumindest Martin Just seine Gegnerin hinter sich lassen und so endete der erste Wettkampf 4:1 f\u00fcr Sandhausen.<\/p>\n\n\n\n<p>Der zweite Gegner war der Gastgeber aus Ispringen.<\/p>\n\n\n\n<p>Das war schon ein erfahreneres Kaliber in der Oberliga. Hier taten sich unsere Jungs auch sichtlich schwerer.<br>Einzig Sacha Nicolaus konnte an seine Leistung im ersten Wettkampf ankn\u00fcpfen und schoss sprichw\u00f6rtlich seinen Gegner ab.<br>Auch Martin Just zeigte jetzt was er zu erzielen in der Lage ist. Er verbesserte sich deutlich und so waren es zun\u00e4chst zwei sichere Punkte auf den hinteren Paarungen.<br>Auch Dominik Roller konnte seine Leistung verbessern, blieb dennoch hinter seinen M\u00f6glichkeiten und somit ging dieser Punkt an Ispringen, da sein Gegner kaum Schw\u00e4chen zeigte.<\/p>\n\n\n\n<p>So lag es an den ersten beiden Paarungen den Siegpunkt f\u00fcr uns einzufahren. In der ersten Paarung traf Robert Pf\u00fctze auf einen sehr ausgeglichenen Gegner, dem er in den ersten beiden Serien etwas hinterher war. Zwar konnte er etwas zulegen, doch reichte es am Ende nicht. Sein Gegner war einfach zu konstant und somit ging auch dieser Punkt an Ispringen.<br>Nun ruhten die Hoffnungen auf Paarung 2 mit Jochen R\u00fcbling. Dieser Kampf um die Ringe entpuppte sich als wahrer Krimi. Jochen begann zun\u00e4chst etwas schw\u00e4cher, doch durch seine schnellen Serien und zunehmend guten Treffern zwang er seinen Gegner in einen psychologischen Nachteil.<\/p>\n\n\n\n<p>Jochen beendete seinen Wettkampf mit 368 Ringen &#8211; er ist eine Bank f\u00fcr uns. Da die Paarung sehr ausgeglichen war musste der Gegner dem vorgelegten Ergebnis hinterhereilen. Nicht immer gut, denn im 38 Schuss des Gegners war es entschieden. Jochen gewann seine Paarung und somit konnte Sandhausen auch diesen Wettkampf f\u00fcr sich entscheiden.<\/p>\n\n\n\n<p>Ein erfolgreiches Wochenende f\u00fcr den SSV Sandhausen!<\/p>\n\n\n\n<p><strong>Einige Eindr\u00fccke von diesem Wettkampftag:<\/strong><\/p>\n\n\n\n<figure class=\"wp-block-image size-large\"><img decoding=\"async\" src=\"https:\/\/ssv-sandhausen.de\/wp-content\/uploads\/2024\/10\/OL_LP_2024_10_27_Dominik-Roller-im-Vordergrund-Sascha-Nikolaus-Martin-Just.jpg\" alt=\"\"\/><\/figure>\n\n\n\n<p>Dominik Roller, Sascha Nikolaus, Martin Just<\/p>\n\n\n\n<figure class=\"wp-block-image size-large\"><img decoding=\"async\" src=\"https:\/\/ssv-sandhausen.de\/wp-content\/uploads\/2024\/10\/OL_LP_2024_10_27_Robert-Pfuetze-Jochen-Ruebling-Dominik-Roller-Sascha-Nikolaus-Martin-Just.jpg\" alt=\"\"\/><\/figure>\n\n\n\n<p>Robert Pf\u00fctze, Jochen R\u00fcbling, Dominik Roller, Sascha Nikolaus, Martin Just<\/p>\n\n\n\n<figure class=\"wp-block-image size-large\"><img decoding=\"async\" src=\"https:\/\/ssv-sandhausen.de\/wp-content\/uploads\/2024\/10\/OL_LP_2024_10_27_Sacha-Nikolaus-Martin-Just.jpg\" alt=\"\"\/><\/figure>\n\n\n\n<p>Sascha Nikolaus, Martin Just<\/p>\n\n\n\n<figure class=\"wp-block-image size-large\"><img decoding=\"async\" src=\"https:\/\/ssv-sandhausen.de\/wp-content\/uploads\/2024\/10\/OL_LP_2024_10_27_Sascha-Nikolaus-im-Vordergrund.jpg\" alt=\"\"\/><\/figure>\n\n\n\n<p>Sascha Nikolaus<\/p>\n\n\n\n<figure class=\"wp-block-image size-large\"><img decoding=\"async\" src=\"https:\/\/ssv-sandhausen.de\/wp-content\/uploads\/2024\/10\/OL_LP_2024_10_27_Martin-Just.jpg\" alt=\"\"\/><\/figure>\n\n\n\n<p>Martin Just<\/p>\n\n\n\n<figure class=\"wp-block-image size-large\"><img decoding=\"async\" src=\"https:\/\/ssv-sandhausen.de\/wp-content\/uploads\/2024\/10\/OL_LP_2024_10_27_IMG-20241028-WA0005.jpg\" alt=\"\"\/><\/figure>\n\n\n\n<p>Konzentrierte Beobachter \u2026<\/p>\n","protected":false},"excerpt":{"rendered":"<p>4. Wettkampftag am 26.01.2025 Nach dem letzten Wettkampftag f\u00fchren wir die Tabelle souver\u00e4n mit 12:0 Mannschaftpunkten an. Unsere j\u00fcngste Luftpistolen-Sch\u00fctzin Sara Hartmann bestritt an diesem Tag ihren ersten Ligawettkampf und Sascha Nikolaus erreichte in seinem letzten Wettkampf 377 Ringe &#8211; ein super Ergebnis!. Stephan Edelmaier Sara Hartmann 2. Wettkampftag am 16.11.2024 Wir haben heute 4:1 &hellip; <a href=\"https:\/\/ssv-sandhausen.de\/?page_id=2832\" class=\"more-link\"><span class=\"screen-reader-text\">\u201eOberliga LP &#8211; Berichte\u201c <\/span>weiterlesen<\/a><\/p>\n","protected":false},"author":4,"featured_media":0,"parent":0,"menu_order":0,"comment_status":"closed","ping_status":"closed","template":"","meta":{"footnotes":""},"class_list":["post-2832","page","type-page","status-publish","hentry"],"_links":{"self":[{"href":"https:\/\/ssv-sandhausen.de\/index.php?rest_route=\/wp\/v2\/pages\/2832","targetHints":{"allow":["GET"]}}],"collection":[{"href":"https:\/\/ssv-sandhausen.de\/index.php?rest_route=\/wp\/v2\/pages"}],"about":[{"href":"https:\/\/ssv-sandhausen.de\/index.php?rest_route=\/wp\/v2\/types\/page"}],"author":[{"embeddable":true,"href":"https:\/\/ssv-sandhausen.de\/index.php?rest_route=\/wp\/v2\/users\/4"}],"replies":[{"embeddable":true,"href":"https:\/\/ssv-sandhausen.de\/index.php?rest_route=%2Fwp%2Fv2%2Fcomments&post=2832"}],"version-history":[{"count":7,"href":"https:\/\/ssv-sandhausen.de\/index.php?rest_route=\/wp\/v2\/pages\/2832\/revisions"}],"predecessor-version":[{"id":3234,"href":"https:\/\/ssv-sandhausen.de\/index.php?rest_route=\/wp\/v2\/pages\/2832\/revisions\/3234"}],"wp:attachment":[{"href":"https:\/\/ssv-sandhausen.de\/index.php?rest_route=%2Fwp%2Fv2%2Fmedia&parent=2832"}],"curies":[{"name":"wp","href":"https:\/\/api.w.org\/{rel}","templated":true}]}}