{"id":243,"date":"2019-12-28T11:01:28","date_gmt":"2019-12-28T11:01:28","guid":{"rendered":"https:\/\/ssv-sandhausen.de\/wordpress_c\/?page_id=243"},"modified":"2026-03-21T08:35:17","modified_gmt":"2026-03-21T08:35:17","slug":"imprssum","status":"publish","type":"page","link":"https:\/\/ssv-sandhausen.de\/?page_id=243","title":{"rendered":"Impressum"},"content":{"rendered":"\n<div class=\"wp-block-buttons is-layout-flex wp-block-buttons-is-layout-flex\"><\/div>\n\n\n\n<p><\/p>\n\n\n\n<p><strong>Impressum<\/strong>\n<\/p>\n\n\n\n<p><strong>Angaben gem\u00e4\u00df \u00a7 5 Telemediengesetz:<\/strong> \n<\/p>\n\n\n\n<p>\n  Sportsch\u00fctzenverein Sandhausen\n  <br>\n  Lattweg 67\n  <br>\n  69207 Sandhausen\n<\/p>\n\n\n\n<p><strong>Vertreten durch:<\/strong> <br>Bernhard Fischer <br>Karl-Heinz Orth<\/p>\n\n\n\n<p><strong>Kontakt:<\/strong>\n<\/p>\n\n\n\n<p>Bernhard Fischer<br>1. Vorsitzender <br>Tel.: 06224\/54758 (Telefon Clubraum w\u00e4hrend den \u00d6ffnungszeiten) <br>E-Mail: bj.fischer1@web.de<br>Karl-Heinz Orth <br> 2. Vorsitzender <br> Tel.: 06224\/54758 (Telefon Clubraum w\u00e4hrend den \u00d6ffnungszeiten) <br> E-Mail:  Karl-Heinz.Orth@t-online.de<br><\/p>\n\n\n\n<p><strong>Registereintrag<\/strong>\n<\/p>\n\n\n\n<p>\n  Registergericht:\t\tMannheim&nbsp;\n  <br>\n  Registernummer:\t330873\n<\/p>\n\n\n\n<p>Bernhard Fischer <br> Quelle: http:\/\/www.e-recht24.de<\/p>\n\n\n\n<p><strong>Verantwortlich f\u00fcr den Inhalt nach \u00a7 55 Abs. 2 RSTV:<\/strong>\n<\/p>\n\n\n\n<p>\n  Alle Informationen dienen zur pers\u00f6nlichen Information &#8211; eine kommerzielle Nutzung der SSV Sandhausen-Seiten, der Inhalte, Bilder, Informationen, redaktionellen Beschreibungen, der Strukturierung usw. ist nicht erlaubt. \n<\/p>\n\n\n\n<p>\n  Die auf dieser Internet-Pr\u00e4senz ver\u00f6ffentlichten Texte, Bilder und Informationen sind zum Teil urheberrechtlich gesch\u00fctzt. F\u00fcr Fehler im Text, in Erkl\u00e4rungen und Darstellungen oder falsche Links wird keine Haftung \u00fcbernommen. Der DSB \u00fcbernimmt auch keinerlei Haftung f\u00fcr die Inhalte der als Links aufgef\u00fchrten Internetangebote. \n<\/p>\n\n\n\n<p><strong>Haftungsausschluss<\/strong> (Disclaimer)\n<\/p>\n\n\n\n<p><strong>Haftung f\u00fcr Inhalte<\/strong>\n<\/p>\n\n\n\n<p>\n  Als Diensteanbieter sind wir gem\u00e4\u00df \u00a7 7 Abs.1 TMG f\u00fcr eigene Inhalte auf diesen Seiten nach den allgemeinen Gesetzen verantwortlich. Nach \u00a7\u00a7 8 bis 10 TMG sind wir als Diensteanbieter jedoch nicht verpflichtet, \u00fcbermittelte oder gespeicherte fremde Informationen zu \u00fcberwachen oder nach Umst\u00e4nden zu forschen, die auf eine rechtswidrige T\u00e4tigkeit hinweisen. Verpflichtungen zur Entfernung oder Sperrung der Nutzung von Informationen nach den allgemeinen Gesetzen bleiben hiervon unber\u00fchrt. Eine diesbez\u00fcgliche Haftung ist jedoch erst ab dem Zeitpunkt der Kenntnis einer konkreten Rechtsverletzung m\u00f6glich. Bei Bekanntwerden von entsprechenden Rechtsverletzungen werden wir diese Inhalte umgehend entfernen.\n  <br>\n<\/p>\n\n\n\n<p><strong>Haftung f\u00fcr Links<\/strong> \n<\/p>\n\n\n\n<p>\n  Unser Angebot enth\u00e4lt Links zu externen Webseiten Dritter, auf deren Inhalte wir keinen Einfluss haben. Deshalb k\u00f6nnen wir f\u00fcr diese fremden Inhalte auch keine Gew\u00e4hr \u00fcbernehmen. F\u00fcr die Inhalte der verlinkten Seiten ist stets der jeweilige Anbieter oder Betreiber der Seiten verantwortlich. Die verlinkten Seiten wurden zum Zeitpunkt der Verlinkung auf m\u00f6gliche Rechtsverst\u00f6\u00dfe \u00fcberpr\u00fcft. Rechtswidrige Inhalte waren zum Zeitpunkt der Verlinkung nicht erkennbar. Eine permanente inhaltliche Kontrolle der verlinkten Seiten ist jedoch ohne konkrete Anhaltspunkte einer Rechtsverletzung nicht zumutbar. Bei Bekanntwerden von Rechtsverletzungen werden wir derartige Links umgehend entfernen. \n<\/p>\n\n\n\n<p><strong>Urheberrecht<\/strong> \n<\/p>\n\n\n\n<p>\n  Die durch die Seitenbetreiber erstellten Inhalte und Werke auf diesen Seiten unterliegen dem deutschen Urheberrecht. Die Vervielf\u00e4ltigung, Bearbeitung, Verbreitung und jede Art der Verwertung au\u00dferhalb der Grenzen des Urheberrechtes bed\u00fcrfen der schriftlichen Zustimmung des jeweiligen Autors bzw. Erstellers. \n<\/p>\n\n\n\n<p>\n  Downloads und Kopien dieser Seite sind nur f\u00fcr den privaten, nicht kommerziellen Gebrauch gestattet. Soweit die Inhalte auf dieser Seite nicht vom Betreiber erstellt wurden, werden die Urheberrechte Dritter beachtet. Insbesondere werden Inhalte Dritter als solche gekennzeichnet. Sollten Sie trotzdem auf eine Urheberrechtsverletzung aufmerksam werden, bitten wir um einen entsprechenden Hinweis. Bei Bekanntwerden von Rechtsverletzungen werden wir derartige Inhalte umgehend entfernen. \n<\/p>\n\n\n\n<p>\n  Die Inhalte unserer Seiten wurden mit gr\u00f6\u00dfter Sorgfalt erstellt. F\u00fcr die Richtigkeit, Vollst\u00e4ndigkeit und Aktualit\u00e4t der Inhalte k\u00f6nnen wir jedoch keine Gew\u00e4hr \u00fcbernehmen.\n<\/p>\n","protected":false},"excerpt":{"rendered":"<p>Impressum Angaben gem\u00e4\u00df \u00a7 5 Telemediengesetz: Sportsch\u00fctzenverein Sandhausen Lattweg 67 69207 Sandhausen Vertreten durch: Bernhard Fischer Karl-Heinz Orth Kontakt: Bernhard Fischer1. Vorsitzender Tel.: 06224\/54758 (Telefon Clubraum w\u00e4hrend den \u00d6ffnungszeiten) E-Mail: bj.fischer1@web.deKarl-Heinz Orth 2. Vorsitzender Tel.: 06224\/54758 (Telefon Clubraum w\u00e4hrend den \u00d6ffnungszeiten) E-Mail: Karl-Heinz.Orth@t-online.de Registereintrag Registergericht: Mannheim&nbsp; Registernummer: 330873 Bernhard Fischer Quelle: http:\/\/www.e-recht24.de Verantwortlich f\u00fcr den &hellip; <a href=\"https:\/\/ssv-sandhausen.de\/?page_id=243\" class=\"more-link\"><span class=\"screen-reader-text\">\u201eImpressum\u201c <\/span>weiterlesen<\/a><\/p>\n","protected":false},"author":1,"featured_media":0,"parent":0,"menu_order":0,"comment_status":"closed","ping_status":"closed","template":"","meta":{"footnotes":""},"class_list":["post-243","page","type-page","status-publish","hentry"],"_links":{"self":[{"href":"https:\/\/ssv-sandhausen.de\/index.php?rest_route=\/wp\/v2\/pages\/243","targetHints":{"allow":["GET"]}}],"collection":[{"href":"https:\/\/ssv-sandhausen.de\/index.php?rest_route=\/wp\/v2\/pages"}],"about":[{"href":"https:\/\/ssv-sandhausen.de\/index.php?rest_route=\/wp\/v2\/types\/page"}],"author":[{"embeddable":true,"href":"https:\/\/ssv-sandhausen.de\/index.php?rest_route=\/wp\/v2\/users\/1"}],"replies":[{"embeddable":true,"href":"https:\/\/ssv-sandhausen.de\/index.php?rest_route=%2Fwp%2Fv2%2Fcomments&post=243"}],"version-history":[{"count":21,"href":"https:\/\/ssv-sandhausen.de\/index.php?rest_route=\/wp\/v2\/pages\/243\/revisions"}],"predecessor-version":[{"id":4546,"href":"https:\/\/ssv-sandhausen.de\/index.php?rest_route=\/wp\/v2\/pages\/243\/revisions\/4546"}],"wp:attachment":[{"href":"https:\/\/ssv-sandhausen.de\/index.php?rest_route=%2Fwp%2Fv2%2Fmedia&parent=243"}],"curies":[{"name":"wp","href":"https:\/\/api.w.org\/{rel}","templated":true}]}}