{"id":1722,"date":"2024-01-12T12:53:05","date_gmt":"2024-01-12T12:53:05","guid":{"rendered":"https:\/\/ssv-sandhausen.de\/wordpress_c\/?page_id=1722"},"modified":"2024-09-26T05:52:27","modified_gmt":"2024-09-26T05:52:27","slug":"gk-pistole","status":"publish","type":"page","link":"https:\/\/ssv-sandhausen.de\/?page_id=1722","title":{"rendered":"GK  Pistole"},"content":{"rendered":"\n<p><\/p>\n\n\n\n<p class=\"has-medium-font-size\"><strong>Rundenwettk\u00e4mpfe in der Disziplin Zentralfeuer Revolver\/Pistole &#8211; Kreis 6 Wiesloch &#8211; 2024<\/strong><\/p>\n\n\n\n<p><strong>Mannschaftswertung<\/strong><br>Es wurden die Wettk\u00e4mpfe 1 bis 4 berechnet.<br>F\u00fcr die Mannschaftswertung wurden die 3 besten Sch\u00fctzen gewertet.<\/p>\n\n\n\n<figure class=\"wp-block-image size-large\"><img decoding=\"async\" src=\"https:\/\/ssv-sandhausen.de\/wp-content\/uploads\/2024\/09\/Tabelle_GK-Pistole_RWK_2024.png\" alt=\"\"\/><\/figure>\n\n\n\n<p><\/p>\n\n\n\n<p><strong>Einzelwertung<\/strong><br>Es wurden die Wettk\u00e4mpfe 1 bis 4 berechnet.<\/p>\n\n\n\n<figure class=\"wp-block-image size-large\"><img decoding=\"async\" src=\"https:\/\/ssv-sandhausen.de\/wp-content\/uploads\/2024\/09\/Tabelle_GK-Pistole_RWK_Einzel_2024.png\" alt=\"\"\/><\/figure>\n\n\n\n<p><\/p>\n","protected":false},"excerpt":{"rendered":"<p>Rundenwettk\u00e4mpfe in der Disziplin Zentralfeuer Revolver\/Pistole &#8211; Kreis 6 Wiesloch &#8211; 2024 MannschaftswertungEs wurden die Wettk\u00e4mpfe 1 bis 4 berechnet.F\u00fcr die Mannschaftswertung wurden die 3 besten Sch\u00fctzen gewertet. EinzelwertungEs wurden die Wettk\u00e4mpfe 1 bis 4 berechnet.<\/p>\n","protected":false},"author":1,"featured_media":0,"parent":0,"menu_order":0,"comment_status":"closed","ping_status":"closed","template":"","meta":{"footnotes":""},"class_list":["post-1722","page","type-page","status-publish","hentry"],"_links":{"self":[{"href":"https:\/\/ssv-sandhausen.de\/index.php?rest_route=\/wp\/v2\/pages\/1722","targetHints":{"allow":["GET"]}}],"collection":[{"href":"https:\/\/ssv-sandhausen.de\/index.php?rest_route=\/wp\/v2\/pages"}],"about":[{"href":"https:\/\/ssv-sandhausen.de\/index.php?rest_route=\/wp\/v2\/types\/page"}],"author":[{"embeddable":true,"href":"https:\/\/ssv-sandhausen.de\/index.php?rest_route=\/wp\/v2\/users\/1"}],"replies":[{"embeddable":true,"href":"https:\/\/ssv-sandhausen.de\/index.php?rest_route=%2Fwp%2Fv2%2Fcomments&post=1722"}],"version-history":[{"count":5,"href":"https:\/\/ssv-sandhausen.de\/index.php?rest_route=\/wp\/v2\/pages\/1722\/revisions"}],"predecessor-version":[{"id":2776,"href":"https:\/\/ssv-sandhausen.de\/index.php?rest_route=\/wp\/v2\/pages\/1722\/revisions\/2776"}],"wp:attachment":[{"href":"https:\/\/ssv-sandhausen.de\/index.php?rest_route=%2Fwp%2Fv2%2Fmedia&parent=1722"}],"curies":[{"name":"wp","href":"https:\/\/api.w.org\/{rel}","templated":true}]}}