{"id":1418,"date":"2021-10-21T08:28:48","date_gmt":"2021-10-21T08:28:48","guid":{"rendered":"https:\/\/ssv-sandhausen.de\/wordpress_c\/?page_id=1418"},"modified":"2024-07-16T08:47:41","modified_gmt":"2024-07-16T08:47:41","slug":"spo-auflage","status":"publish","type":"page","link":"https:\/\/ssv-sandhausen.de\/?page_id=1418","title":{"rendered":"SPO Auflage"},"content":{"rendered":"\n<p class=\"has-medium-font-size\">Tabelle nach 6 Wettk\u00e4mpfen<\/p>\n\n\n\n<figure class=\"wp-block-table\"><table><tbody><tr><td><strong>Platz<\/strong><\/td><td><strong>Mannschaft<\/strong><\/td><td><strong>Ringe<\/strong><\/td><\/tr><tr><td>1<\/td><td>SSV Sandhausen<\/td><td>4786<\/td><\/tr><tr><td>2<\/td><td>SV St. Leon<\/td><td>4571<\/td><\/tr><tr><td>3<\/td><td>SV Walldorf<\/td><td>2314<\/td><\/tr><\/tbody><\/table><\/figure>\n\n\n\n<p class=\"has-medium-font-size\">Ergebnisse 6.Wettkampf<\/p>\n\n\n\n<p><a href=\"https:\/\/ssv-sandhausen.de\/wp-content\/uploads\/2024\/07\/Einzelwertung-Auflage-Sportpistole-2024-WK6.pdf\">Einzelwertung-Auflage-Sportpistole-2024 6. WK<\/a><\/p>\n\n\n\n<p><a href=\"https:\/\/ssv-sandhausen.de\/wp-content\/uploads\/2024\/07\/Tabelle-Auflage-Sportpistole-2024.pdf\">Tabelle-Auflage-Sportpistole-2024-6.WK<\/a><\/p>\n\n\n\n<p class=\"has-medium-font-size\">Ergebnisse 5.Wettkampf<\/p>\n\n\n\n<p>Auch bei beim 5. Wettkampf der Auflagenrunde mit der Sportpistole kam die Bestleistung erneut aus dem SSV Sandhausen.<br>\u00c5ke H\u00f6rnberg schoss mit 287 Ringen wieder die Tagesbestleistung und ist mit deutlichem Abstand auch in der Gesamtwertung auf Platz 1.<br>Auch in der Mannschaftsauswertung liegt unser Team mit gutem Abstand zu den Verfolgern auf dem 1.Platz.<\/p>\n\n\n\n<p><a href=\"https:\/\/ssv-sandhausen.de\/wp-content\/uploads\/2024\/07\/Einzelwertung-Auflage-Sportpistole-2024-5.WK_.pdf\">Einzelwertung Auflage Sportpistole 2024 5. WK<\/a><\/p>\n\n\n\n<p><a href=\"https:\/\/ssv-sandhausen.de\/wp-content\/uploads\/2024\/07\/Tabelle-Auflage-Sportpistole-2024-5.WK_.pdf\">Tabelle Auflage Sportpistole 2024 5.WK<\/a><\/p>\n\n\n\n<p class=\"has-medium-font-size\">Ergebnisse 4.Wettkampf<\/p>\n\n\n\n<p><a href=\"https:\/\/ssv-sandhausen.de\/wp-content\/uploads\/2024\/06\/Einzelwertung-Auflage-Sportpistole-2024-WK4.pdf\">Einzelwertung-Auflage-Sportpistole-2024-4. WK<\/a><\/p>\n\n\n\n<p><a href=\"https:\/\/ssv-sandhausen.de\/wp-content\/uploads\/2024\/06\/Tabelle-Auflage-Sportpistole-2024-WK4.pdf\" data-type=\"link\" data-id=\"https:\/\/ssv-sandhausen.de\/wp-content\/uploads\/2024\/06\/Tabelle-Auflage-Sportpistole-2024-WK4.pdf\">Tabelle-Auflage-Sportpistole-2024-4.WK<\/a><\/p>\n\n\n\n<p class=\"has-medium-font-size\">Ergebnisse 3.Wettkampf<\/p>\n\n\n\n<p>Auch bei beim 3. Wettkampf der Auflagenrunde mit der Sportpistole kam die Bestleistung aus dem SSV Sandhausen. <br>\u00c5ke H\u00f6rnberg schoss mit 289 Ringen erneut die Tagesbestleistung und festigte damit seine F\u00fchrung in der Gesamtwertung. Unsere Mannschaft belegt Dank einer starken Mannschaftsleistung weiter den 1. Platz in der Gesamtwertung.<\/p>\n\n\n\n<p><a href=\"https:\/\/ssv-sandhausen.de\/wp-content\/uploads\/2024\/05\/Einzelwertung-Auflage-Sportpistole-2024-3.-WK.pdf\" data-type=\"attachment\" data-id=\"2581\">Einzelwertung Auflage Sportpistole 2024 3. WK<\/a><\/p>\n\n\n\n<p><a href=\"https:\/\/ssv-sandhausen.de\/wp-content\/uploads\/2024\/05\/Tabelle-Auflage-Sportpistole-2024-3.WK_.pdf\" data-type=\"attachment\" data-id=\"2583\">Tabelle Auflage Sportpistole 2024 3.WK<\/a><\/p>\n\n\n\n<p class=\"has-medium-font-size\">Ergebnisse 2.Wettkampf<\/p>\n\n\n\n<p><a href=\"https:\/\/ssv-sandhausen.de\/wp-content\/uploads\/2024\/04\/Einzelwertung-Auflage-Sportpistole-2024-2.-WK.pdf\" target=\"_blank\" rel=\"noreferrer noopener\">Einzelwertung Auflage Sportpistole 2024-2. WK<\/a><\/p>\n\n\n\n<p><a href=\"https:\/\/ssv-sandhausen.de\/wp-content\/uploads\/2024\/04\/Tabelle-Auflage-Sportpistole-2024-2.WK_.pdf\" target=\"_blank\" rel=\"noreferrer noopener\">Tabelle Auflage Sportpistole 2024-2.WK<\/a><\/p>\n\n\n\n<p><img decoding=\"async\" class=\"wp-image-1675\" style=\"width: 650px;\" src=\"https:\/\/ssv-sandhausen.de\/wp-content\/uploads\/2021\/11\/Tab-Spopi.png\" alt=\"\"><br><img decoding=\"async\" class=\"wp-image-1522\" style=\"width: 600px;\" src=\"https:\/\/ssv-sandhausen.de\/wp-content\/uploads\/2021\/10\/Tab-Spopi-1.png\" alt=\"\"><\/p>\n","protected":false},"excerpt":{"rendered":"<p>Tabelle nach 6 Wettk\u00e4mpfen Platz Mannschaft Ringe 1 SSV Sandhausen 4786 2 SV St. Leon 4571 3 SV Walldorf 2314 Ergebnisse 6.Wettkampf Einzelwertung-Auflage-Sportpistole-2024 6. WK Tabelle-Auflage-Sportpistole-2024-6.WK Ergebnisse 5.Wettkampf Auch bei beim 5. Wettkampf der Auflagenrunde mit der Sportpistole kam die Bestleistung erneut aus dem SSV Sandhausen.\u00c5ke H\u00f6rnberg schoss mit 287 Ringen wieder die Tagesbestleistung und &hellip; <a href=\"https:\/\/ssv-sandhausen.de\/?page_id=1418\" class=\"more-link\"><span class=\"screen-reader-text\">\u201eSPO Auflage\u201c <\/span>weiterlesen<\/a><\/p>\n","protected":false},"author":1,"featured_media":0,"parent":0,"menu_order":0,"comment_status":"closed","ping_status":"closed","template":"","meta":{"footnotes":""},"class_list":["post-1418","page","type-page","status-publish","hentry"],"_links":{"self":[{"href":"https:\/\/ssv-sandhausen.de\/index.php?rest_route=\/wp\/v2\/pages\/1418","targetHints":{"allow":["GET"]}}],"collection":[{"href":"https:\/\/ssv-sandhausen.de\/index.php?rest_route=\/wp\/v2\/pages"}],"about":[{"href":"https:\/\/ssv-sandhausen.de\/index.php?rest_route=\/wp\/v2\/types\/page"}],"author":[{"embeddable":true,"href":"https:\/\/ssv-sandhausen.de\/index.php?rest_route=\/wp\/v2\/users\/1"}],"replies":[{"embeddable":true,"href":"https:\/\/ssv-sandhausen.de\/index.php?rest_route=%2Fwp%2Fv2%2Fcomments&post=1418"}],"version-history":[{"count":34,"href":"https:\/\/ssv-sandhausen.de\/index.php?rest_route=\/wp\/v2\/pages\/1418\/revisions"}],"predecessor-version":[{"id":2696,"href":"https:\/\/ssv-sandhausen.de\/index.php?rest_route=\/wp\/v2\/pages\/1418\/revisions\/2696"}],"wp:attachment":[{"href":"https:\/\/ssv-sandhausen.de\/index.php?rest_route=%2Fwp%2Fv2%2Fmedia&parent=1418"}],"curies":[{"name":"wp","href":"https:\/\/api.w.org\/{rel}","templated":true}]}}