{"id":1112,"date":"2021-03-08T18:39:57","date_gmt":"2021-03-08T18:39:57","guid":{"rendered":"https:\/\/ssv-sandhausen.de\/wordpress_c\/?page_id=1112"},"modified":"2025-01-07T13:18:03","modified_gmt":"2025-01-07T13:18:03","slug":"aktuell-3","status":"publish","type":"page","link":"https:\/\/ssv-sandhausen.de\/?page_id=1112","title":{"rendered":"Aktuelles 2024"},"content":{"rendered":"\n<div class=\"wp-block-group\"><div class=\"wp-block-group__inner-container is-layout-flow wp-block-group-is-layout-flow\">\n<div class=\"wp-block-columns is-layout-flex wp-container-core-columns-is-layout-9d6595d7 wp-block-columns-is-layout-flex\">\n<div class=\"wp-block-column is-layout-flow wp-block-column-is-layout-flow\" style=\"flex-basis:100%\">\n<div class=\"wp-block-group\"><div class=\"wp-block-group__inner-container is-layout-flow wp-block-group-is-layout-flow\"><\/div><\/div>\n\n\n\n<p><\/p>\n\n\n\n<p class=\"has-medium-font-size\"><strong>Aktuelle Termine 2024<\/strong><\/p>\n\n\n\n<p><\/p>\n\n\n\n<p class=\"has-medium-font-size\"><strong>Allgemeine Trainingszeiten Pistolen- und Gewehrsch\u00fctzen<\/strong><\/p>\n\n\n\n<figure class=\"wp-block-table\"><table><tbody><tr><td>Dienstag<\/td><td>18:00 Uhr &#8211; 21:00 Uhr<\/td><\/tr><tr><td>Freitag<\/td><td>18:00 Uhr &#8211; 21:00 Uhr<\/td><\/tr><tr><td>Sonntag<\/td><td>10:00 Uhr &#8211; 12:00 Uhr<\/td><\/tr><\/tbody><\/table><\/figure>\n\n\n\n<p><\/p>\n\n\n\n<p class=\"has-medium-font-size\"><strong>Trainingszeiten Bogensch\u00fctzen<\/strong><\/p>\n\n\n\n<figure class=\"wp-block-table\"><table><tbody><tr><td>Dienstag<\/td><td>18:00 Uhr &#8211; 21:00 Uhr<br>In den Wintermonaten  Dezember, Januar und Februar findet das Training in der Festhalle statt!<\/td><\/tr><\/tbody><\/table><\/figure>\n\n\n\n<p>Bei Interesse einfach am Dienstag zum Training vorbeischauen. Gerne lassen wir uns \u00fcber die Schulter schauen und auch ein Probeschie\u00dfen ist m\u00f6glich.<\/p>\n\n\n\n<p><\/p>\n\n\n\n<p class=\"has-medium-font-size\"><strong>Spontane Weihnachtsfeier 2024<\/strong><\/p>\n\n\n\n<p><\/p>\n\n\n\n<figure class=\"wp-block-image size-large\"><img decoding=\"async\" src=\"https:\/\/ssv-sandhausen.de\/wp-content\/uploads\/2024\/12\/IMG-20241227-Feuerzangenbowle.png\" alt=\"\"\/><\/figure>\n\n\n\n<p><\/p>\n\n\n\n<p><\/p>\n\n\n\n<p class=\"has-medium-font-size\"><strong>Samstag, 07. Dezember 2024 &#8211; es ist vollbracht!<\/strong><\/p>\n\n\n\n<p>Erfolgreicher Abschlusstest und erstes Training auf unserem KK-Schie\u00dfstand mit noch h\u00f6herem Spa\u00dffaktor.<br>Noch besser geht fast nicht mehr \u2026<\/p>\n\n\n\n<figure class=\"wp-block-image size-large\"><img decoding=\"async\" src=\"https:\/\/ssv-sandhausen.de\/wp-content\/uploads\/2024\/12\/DSC04580_KK_DISAG_Helga.jpg\" alt=\"\"\/><\/figure>\n\n\n\n<p><\/p>\n\n\n\n<figure class=\"wp-block-image size-large\"><img decoding=\"async\" src=\"https:\/\/ssv-sandhausen.de\/wp-content\/uploads\/2024\/12\/DSC04579_KK_DISAG_1.jpg\" alt=\"\"\/><\/figure>\n\n\n\n<p><\/p>\n\n\n\n<figure class=\"wp-block-image size-large\"><img decoding=\"async\" src=\"https:\/\/ssv-sandhausen.de\/wp-content\/uploads\/2024\/12\/DSC04577_KK_DISAG_2.jpg\" alt=\"\"\/><\/figure>\n\n\n\n<p><\/p>\n\n\n\n<figure class=\"wp-block-image size-large\"><img decoding=\"async\" src=\"https:\/\/ssv-sandhausen.de\/wp-content\/uploads\/2024\/12\/DSC04576_KK_DISAG_3.jpg\" alt=\"\"\/><\/figure>\n\n\n\n<p><\/p>\n\n\n\n<p class=\"has-medium-font-size\"><strong>K\u00f6nigsball mit K\u00f6nigsproklamation &#8211; 23. November 2024<\/strong><\/p>\n\n\n\n<p><strong>Ehrungen f\u00fcr Vereinszugeh\u00f6rigkeit<\/strong>:<\/p>\n\n\n\n<figure class=\"wp-block-image size-large\"><img decoding=\"async\" src=\"https:\/\/ssv-sandhausen.de\/wp-content\/uploads\/2024\/11\/IMGP1952_Ehrungen.jpg\" alt=\"\"\/><\/figure>\n\n\n\n<p>von links nach rechts:<br>2. Vorstand: Karl-Heinz Orth<br>75 Jahre: Walter Bernhard<br>40 Jahre: Karl-Heinz Kraft, Gerd Korn<br>25 Jahre: Pavlos Glouftsis, Kirtaki Glouftsis<br>60 Jahre: J\u00fcrgen G\u00f6nnawein, Bernhard Fischer<br>1. Vorstand: Burkhard Wehse<\/p>\n\n\n\n<p><strong>Ehrung f\u00fcr besondere Erfolge<\/strong>:<\/p>\n\n\n\n<figure class=\"wp-block-image size-large\"><img decoding=\"async\" src=\"https:\/\/ssv-sandhausen.de\/wp-content\/uploads\/2024\/11\/IMGP1954_Gerd_Korn.jpg\" alt=\"\"\/><\/figure>\n\n\n\n<p>Gerd Korn (mitte) wurde f\u00fcr seine Erfolge vom Vorstand besonders geehrt.<\/p>\n\n\n\n<p><strong>Ehrung f\u00fcr Verdienste<\/strong>:<\/p>\n\n\n\n<figure class=\"wp-block-image size-large\"><img decoding=\"async\" src=\"https:\/\/ssv-sandhausen.de\/wp-content\/uploads\/2024\/11\/IMGP1982_Kreisehrennadel.jpg\" alt=\"\"\/><\/figure>\n\n\n\n<p>von links nach rechts:<br>Vereins Ehrennadel in Gold: Andreas Baier<br>Kreis Ehrennadel in Gold: Klaus Oechsler<br>Kreis Ehrennadel in Bronze: Bernd Steiger<br>Kreis Ehrennadel in Silber: Bernd Hollschuh, Eleonore Hollschuh<br>Kreis Ehrennadel in Bronze: Karl-Heinz Kraft, Helga Hack, J\u00fcrgen Hack<\/p>\n\n\n\n<p><strong>Show-Einlage<\/strong>:<\/p>\n\n\n\n<figure class=\"wp-block-image size-large\"><img decoding=\"async\" src=\"https:\/\/ssv-sandhausen.de\/wp-content\/uploads\/2024\/11\/IMGP1902_Artistengruppe.jpg\" alt=\"\"\/><\/figure>\n\n\n\n<p>Artistengruppe<\/p>\n\n\n\n<p><strong>K\u00f6nigsfamilie<\/strong>:<\/p>\n\n\n\n<figure class=\"wp-block-image size-large\"><img decoding=\"async\" src=\"https:\/\/ssv-sandhausen.de\/wp-content\/uploads\/2024\/11\/IMGP1996_Koenigsfamilie.jpg\" alt=\"\"\/><\/figure>\n\n\n\n<p>von links nach rechts:<br>2. Vorstand: Karl-Heinz Orth<br><strong>Jungk\u00f6nigin<\/strong>: Sara Hartmann<br>2. Dame: Eleonore Hollschuh<br><strong>K\u00f6nigin<\/strong>: Daniela Reingruber<br>1. Dame: Renate Oberle<br>2. Ritter: Burkhard Wehse<br><strong>K\u00f6nig<\/strong>: Klaus Oechsler<br>1. Ritter: Alexander Ehrler<br>Sportleiter Stellvert.: Bernd Hollschuh<\/p>\n\n\n\n<p><\/p>\n\n\n\n<p class=\"has-medium-font-size\"><strong>Unser K\u00f6nigspaar beim Landesk\u00f6nigsball in St. Leon 16.11.2024<\/strong><\/p>\n\n\n\n<figure class=\"wp-block-image size-large\"><img decoding=\"async\" src=\"https:\/\/ssv-sandhausen.de\/wp-content\/uploads\/2024\/11\/IMG-20241116-WA0016-Koenigspaar_2023_2024.jpg\" alt=\"\"\/><\/figure>\n\n\n\n<p>Eleonore Hollschuh und J\u00fcgen Hack<\/p>\n\n\n\n<p><\/p>\n\n\n\n<p class=\"has-medium-font-size\"><strong>Ehrenmitglied Berta Naber feierte am 09.11.2024 ihren 99. Geburtstag!.<\/strong><\/p>\n\n\n\n<p>Seit dem 01.01.1953 ist &#8222;Bertl&#8220; in unserem Verein und jetzt das \u00e4lteste Mitglied.<\/p>\n\n\n\n<figure class=\"wp-block-image size-large\"><img decoding=\"async\" src=\"https:\/\/ssv-sandhausen.de\/wp-content\/uploads\/2024\/11\/Bertl_Naber.jpg\" alt=\"\"\/><\/figure>\n\n\n\n<p>Berta Naber und Karl-Heinz Orth<\/p>\n\n\n\n<p><\/p>\n\n\n\n<p class=\"has-medium-font-size\"><strong>Arbeitseinsatz &#8211;  26. Oktober 2024<\/strong><\/p>\n\n\n\n<figure class=\"wp-block-image size-large\"><img decoding=\"async\" src=\"https:\/\/ssv-sandhausen.de\/wp-content\/uploads\/2024\/10\/2024_10_26_IMG-20241027-WA0004.jpg\" alt=\"\"\/><\/figure>\n\n\n\n<p><\/p>\n\n\n\n<figure class=\"wp-block-image size-large\"><img decoding=\"async\" src=\"https:\/\/ssv-sandhausen.de\/wp-content\/uploads\/2024\/10\/2024_10_26_IMG-20241027-WA0002.jpg\" alt=\"\"\/><\/figure>\n\n\n\n<p><\/p>\n\n\n\n<p class=\"has-medium-font-size\"><strong>Ehrenmitglied Walter Bernhard feierte am 12.10.2024 seinen 90. Geburtstag!.<\/strong><\/p>\n\n\n\n<p>Bereits seit 75 Jahren ist er Mitglied in unserem Verein und war \u00fcber Jahrzehnte aktiver und erfolgreicher Sch\u00fctze. Im Namen des gesamten Vorstandes gratulierten der 1. Vorsitzende Burkhard Wehse und der 2. Vorsitzende Karl-Heinz Orth dem Jubilar.<\/p>\n\n\n\n<figure class=\"wp-block-image size-large\"><img decoding=\"async\" src=\"https:\/\/ssv-sandhausen.de\/wp-content\/uploads\/2024\/10\/IMG_1403_Walter_Bernhard.jpeg\" alt=\"\"\/><\/figure>\n\n\n\n<p>Walter Bernhard und Karl-Heinz Orth<\/p>\n\n\n\n<p><\/p>\n\n\n\n<p class=\"has-medium-font-size\"><strong>Deutsche Meisterschaft Sportschie\u00dfen 2024<\/strong><br>(03.10.2024 &#8211; 06.10.2024)<\/p>\n\n\n\n<p>Vom 3. Oktober bis zum 6. Oktober fand in Hannover die Deutsche Meisterschaft der Kleinkalibersch\u00fctzen 2024 statt. <\/p>\n\n\n\n<p>Auch dieses Jahr konnten sich sowohl f\u00fcr die Mannschaft \u00fcber 50m, als auch im Einzel \u00fcber 100m, wieder Sch\u00fctzen unseres SSV Sandhausen qualifizieren. <br>Sogar aufkommender Nebel konnte unsere erfahrenen Sch\u00fctzen nicht aus der Ruhe bringen und so wurden wieder sehr gute Ergebnisse erzielt.<\/p>\n\n\n\n<p><strong>KK-Gewehr Auflage Senioren<\/strong><\/p>\n\n\n\n<figure class=\"wp-block-image size-large\"><img decoding=\"async\" src=\"https:\/\/ssv-sandhausen.de\/wp-content\/uploads\/2024\/10\/IMG-20241004-WA0001_Gruppe_mod.jpg\" alt=\"\"\/><\/figure>\n\n\n\n<p>v.l.n.r: Bernd Hollschuh, Karl-Heinz Orth, Bernd Sch\u00fctz<\/p>\n\n\n\n<p>Unsere erfolgreichen Sch\u00fctzen in Aktion:<\/p>\n\n\n\n<figure class=\"wp-block-image size-large\"><img decoding=\"async\" src=\"https:\/\/ssv-sandhausen.de\/wp-content\/uploads\/2024\/10\/IMG-20241004-WA0006_Bernd_Hollschuh_mod3.bmp\" alt=\"\"\/><\/figure>\n\n\n\n<p><\/p>\n\n\n\n<figure class=\"wp-block-image size-large\"><img decoding=\"async\" src=\"https:\/\/ssv-sandhausen.de\/wp-content\/uploads\/2024\/10\/IMG-20241004-WA0002_Karl-Heinz_Orth_mod3.bmp\" alt=\"\"\/><\/figure>\n\n\n\n<p><\/p>\n\n\n\n<figure class=\"wp-block-image size-large\"><img decoding=\"async\" src=\"https:\/\/ssv-sandhausen.de\/wp-content\/uploads\/2024\/10\/IMG-20241004-WA0004_Bernd_Schuetz_mod3.bmp\" alt=\"\"\/><\/figure>\n\n\n\n<p><\/p>\n\n\n\n<p class=\"has-medium-font-size\"><strong>Seniorenschie\u00dfen Luftgewehr und Luftpistole &#8211; Auflage<\/strong> <br>( 07.09.2024 &#8211; Schie\u00dfanlage des SV Ettlingen)<\/p>\n\n\n\n<p><strong>Luftgewehr Auflage &#8211; Senioren III m\u00e4nnlich<\/strong><\/p>\n\n\n\n<figure class=\"wp-block-image size-large\"><img decoding=\"async\" src=\"https:\/\/ssv-sandhausen.de\/wp-content\/uploads\/2024\/09\/IMG-20240907-WA0000.jpg\" alt=\"\"\/><\/figure>\n\n\n\n<p>1. Harald Wilke (SV Ettlingen &#8211; 314,5 Ringe)<br>2. Bernd Hollschuh (SSV Sandhausen &#8211; 314,2 Ringe)<br>3. Lothar Maier (KKS Reihen &#8211; 312,5 Ringe)<\/p>\n\n\n\n<p class=\"has-medium-font-size\">Weitere Starter f\u00fcr Sandhausen:<\/p>\n\n\n\n<p><strong>10m Luftpistole Auflage &#8211; Senioren IV m\u00e4nnlich<\/strong><br>mit gleicher Gesamtringzahl wie der 3. Platzierte!<br>4. Carl \u00c5ke H\u00f6rnberg &#8211; 289,7 Ringe<\/p>\n\n\n\n<p><strong>Luftgewehr Auflage &#8211; Senioren II weiblich<\/strong><br>4. Eleonore Hollschuh &#8211; 307,2 Ringe<\/p>\n\n\n\n<p><strong>Luftgewehr Auflage &#8211; Senioren III m\u00e4nnlich<\/strong><br>5. Bernd Sch\u00fctz &#8211; 311,5 Ringe<\/p>\n\n\n\n<p><strong>Luftgewehr Auflage &#8211; Senioren II m\u00e4nnlich<\/strong><br>8. Andreas Baier &#8211; 300,5 Ringe<\/p>\n\n\n\n<p><strong>Luftgewehr Auflage &#8211; Senioren I m\u00e4nnlich<\/strong><br>9. SSV Sandhausen 926,2 Ringe<br>  Bernd Hollschuh &#8211; 314,2 Ringe<br>  Bernd Sch\u00fctz &#8211; 311,5 Ringe<br>  Andreas Baier &#8211; 300,5 Ringe<\/p>\n\n\n\n<p><\/p>\n\n\n\n<figure class=\"wp-block-image size-large\"><img decoding=\"async\" src=\"https:\/\/ssv-sandhausen.de\/wp-content\/uploads\/2024\/09\/IMG-20240907-WA0002.jpg\" alt=\"\"\/><\/figure>\n\n\n\n<p><\/p>\n\n\n\n<figure class=\"wp-block-image size-large\"><img decoding=\"async\" src=\"https:\/\/ssv-sandhausen.de\/wp-content\/uploads\/2024\/09\/IMG-20240907-WA0001.jpg\" alt=\"\"\/><\/figure>\n\n\n\n<p><\/p>\n\n\n\n<p class=\"has-medium-font-size\"><strong>Deutsche Meisterschaft Sportschie\u00dfen M\u00fcnchen-Hochbr\u00fcck  22.08.2024\u201302.09.2024<\/strong><\/p>\n\n\n\n<p><strong>Gerd Korn ist deutscher Meister in der Disziplin &#8222;25m Pistole 9&#215;19&#8220; &#8211; Einzelwertung<\/strong><\/p>\n\n\n\n<figure class=\"wp-block-image size-large\"><img decoding=\"async\" src=\"https:\/\/ssv-sandhausen.de\/wp-content\/uploads\/2024\/08\/IMG-20240829-WA0002-DM_Gerd.jpg\" alt=\"\"\/><\/figure>\n\n\n\n<p>1.  Gerd Korn (Sportsch\u00fctzenverein Sandhausen)<br>2. Lorenz Eichinger (FS Tann)<br>3. Rainer Besel (Kgl. Priv. SG Blaichach)<\/p>\n\n\n\n<p><\/p>\n\n\n\n<p><strong>Gerd ist auch deutscher Meister in der Disziplin &#8222;25m Pistole .45 ACP&#8220; &#8211; Mannschaftswertung (Sportsch\u00fctzenverein Rot 1)<\/strong><br>zusammen mit Thomas Pecoroni und Thomas Merx<\/p>\n\n\n\n<p><strong>Weitere Platzierungen von Gerd:<\/strong><br>-Einzelwertung &#8222;25m Pistole .45 ACP&#8220;: <strong>7. Platz<\/strong> (unter 45 Teilnehmern)<br>-Einzelwertung &#8222;25m Revolver .357 mag&#8220;: <strong>8. Platz<\/strong> (unter 43 Teilnehmern)<\/p>\n\n\n\n<p><strong>Auch Bernd Hollschuh war f\u00fcr unseren Verein am Start.<\/strong><br>Er konnte in der Disziplin &#8222;Zimmerstutzen&#8220; (Einzelwertung) unter 72 Teilnehmern einen hervorragenden <strong>19. Platz<\/strong> belegen.<\/p>\n\n\n\n<p><\/p>\n\n\n\n<p class=\"has-medium-font-size\"><strong>Umbau unseres Kleinkaliberstandes \u2013 31. August 2024<\/strong><\/p>\n\n\n\n<p>Trotz hochsommerlicher Temperaturen von \u00fcber 30 Grad trafen sich wieder eine Reihe von Mitgliedern des SSV zum Arbeitseinsatz. <\/p>\n\n\n\n<p>Trotz der gro\u00dfen Hitze wurde motiviert geschafft und wir konnten wieder einige Punkte beim Umbau unserer KK-Anlage erledigen. <br>Wie schon berichtet, wird unser 50m Kleinkaliberstand von Grund auf renoviert und modernisiert, so dass er zuk\u00fcnftig wieder auf dem neuesten technischen Stand ist und auch h\u00f6chsten Wettkampfanforderungen gen\u00fcgt. <\/p>\n\n\n\n<p>Der Umbau schreitet z\u00fcgig voran und wir hoffen, bis zum Monatsende alle wesentlichen Arbeiten abgeschlossen zu haben. <\/p>\n\n\n\n<p>Den Abschluss der Arbeiten planen wir dann mit einer Feier und einem Tag der offenen T\u00fcr zu begehen. Details dazu werden wir noch kommunizieren.<\/p>\n\n\n\n<figure class=\"wp-block-image size-large\"><img decoding=\"async\" src=\"https:\/\/ssv-sandhausen.de\/wp-content\/uploads\/2024\/09\/IMG-20240901-WA0005.jpg\" alt=\"\"\/><\/figure>\n\n\n\n<p><\/p>\n\n\n\n<figure class=\"wp-block-image size-large\"><img decoding=\"async\" src=\"https:\/\/ssv-sandhausen.de\/wp-content\/uploads\/2024\/09\/IMG-20240901-WA0009.jpg\" alt=\"\"\/><\/figure>\n\n\n\n<p><\/p>\n\n\n\n<figure class=\"wp-block-image size-large\"><img decoding=\"async\" src=\"https:\/\/ssv-sandhausen.de\/wp-content\/uploads\/2024\/09\/IMG-20240901-WA0006.jpg\" alt=\"\"\/><\/figure>\n\n\n\n<p><\/p>\n\n\n\n<p class=\"has-medium-font-size\"><strong>Ferienprogramm im Sportsch\u00fctzenverein am Samstag, 10. August 2024<\/strong><\/p>\n\n\n\n<p>Auch dieses Jahr gab es im Rahmen des Ferienprogramms wieder die M\u00f6glichkeit im Sportsch\u00fctzenverein mit dem Licht\/Luftgewehr und dem Bogen zu schie\u00dfen.<br><br>Die Kinder wurden in 2 Gruppen geteilt, die eine Gruppe startete mit dem Bogen im Freien auf der gro\u00dfen Wiese. Die Sonne meinte es gut mit den Kindern und bei bestem Wetter konnten die Ausr\u00fcstung und B\u00f6gen begutachtet und getestet werden. <br>Die zweite Gruppe begab sich in die Harald-Zahn-Halle. <br>Hier gab es die M\u00f6glichkeit auf 12 Pl\u00e4tzen mit dem Licht\/Luftgewehr zu trainieren. Die hochmoderne Anlage wertet die Ergebnisse digital aus und zeigt das Ergebnis jedem einzelnen Sch\u00fctzen per Monitor direkt an. <br>Dabei wurde darauf geachtet, dass erst ab 12 Jahren und bei Vorlage einer elterlichen Einverst\u00e4ndniserkl\u00e4rung mit dem Luftgewehr geschossen werden durfte. <\/p>\n\n\n\n<p>Alle Kinder wurden durch erfahrene Vereinsmitglieder betreut, wir sind stolz in unseren Reihen viele Kreis-Landes- und sogar Deutsche Meister zu haben.<\/p>\n\n\n\n<p>Bereits das letzte Ferienprogramm kam so gut an, dass viele der damals teilnehmenden Kinder danach weiter diesem Sport treu blieben. <\/p>\n\n\n\n<figure class=\"wp-block-image size-large\"><img decoding=\"async\" src=\"https:\/\/ssv-sandhausen.de\/wp-content\/uploads\/2024\/08\/IMG-20240825-WA0002_Ferienprogramm_mod.jpg\" alt=\"\"\/><\/figure>\n\n\n\n<p><\/p>\n\n\n\n<figure class=\"wp-block-image size-large\"><img decoding=\"async\" src=\"https:\/\/ssv-sandhausen.de\/wp-content\/uploads\/2024\/08\/IMG-20240825-WA0003_Ferienprogramm_mod.jpg\" alt=\"\"\/><\/figure>\n\n\n\n<p><\/p>\n\n\n\n<figure class=\"wp-block-image size-large\"><img decoding=\"async\" src=\"https:\/\/ssv-sandhausen.de\/wp-content\/uploads\/2024\/08\/IMG-20240825-WA0004_Ferienprogramm_mod.jpg\" alt=\"\"\/><\/figure>\n\n\n\n<p><\/p>\n\n\n\n<p><\/p>\n\n\n\n<p class=\"has-medium-font-size\"><strong>Ehrenmitglied Dr. Wolfgang Riemann feierte am 30.07.2024 seinen 90. Geburtstag!.<\/strong><\/p>\n\n\n\n<p>Er war w\u00e4hrend seiner aktiven Zeit erfolgreicher Wurfscheiben-Sch\u00fctze und ist langj\u00e4hriges Ehrenmitglied in unserem Verein.<\/p>\n\n\n\n<p>Im Namen des Vorstandes gratulierte der 2. Vorsitzende Karl-Heinz Orth dem Jubilar.<\/p>\n\n\n\n<figure class=\"wp-block-image size-large\"><img decoding=\"async\" src=\"https:\/\/ssv-sandhausen.de\/wp-content\/uploads\/2024\/08\/IMG-20240825-WA0001_Wolfgang_Riemann_mod.jpg\" alt=\"\"\/><\/figure>\n\n\n\n<p>Dr. Wolfgang Riemann mit Karl-Heinz Orth.<\/p>\n\n\n\n<p class=\"has-medium-font-size\"><strong>Ehrenmitglied Herbert Pfisterer feierte am 30.07.2024 seinen 80. Geburtstag.<\/strong><\/p>\n\n\n\n<p>Herbert Pfisterer war und ist erfolgreicher Pistolensch\u00fctze, ehrenamtlich \u00fcbte er 24 Jahre das Amt des Kassierers aus!.<br>Im Verein hat seine Meinung noch immer hohes Ansehen.<\/p>\n\n\n\n<p>Stellvertretend f\u00fcr uns alle gratulierten Karl-Heinz Orth (2.Vorsitzender) und Alexander Ehler (Schriftf\u00fchrer) dem Jubilar.<\/p>\n\n\n\n<figure class=\"wp-block-image size-large\"><img decoding=\"async\" src=\"https:\/\/ssv-sandhausen.de\/wp-content\/uploads\/2024\/08\/IMG-20240825-WA0000_Herbert_Pfisterer_mod.jpg\" alt=\"\"\/><\/figure>\n\n\n\n<p>Alexander Ehrler, Herbert Pfisterer und Karl-Heinz Orth.<\/p>\n\n\n\n<p class=\"has-medium-font-size\"><strong>Umbau unseres Kleinkaliberstandes &#8211; eine der letzten Streicharbeiten vor den Messrahmen<\/strong><\/p>\n\n\n\n<figure class=\"wp-block-image size-large\"><img decoding=\"async\" src=\"https:\/\/ssv-sandhausen.de\/wp-content\/uploads\/2024\/08\/IMG-20240801-Streicharbeiten.jpg\" alt=\"\"\/><\/figure>\n\n\n\n<p>Unser Maler Kleksel bei der Arbeit.<\/p>\n\n\n\n<p><\/p>\n\n\n\n<p class=\"has-medium-font-size\"><strong>Landesmeisterschaft 2024 in Eggenstein (27. und 28. Juli 2024)<\/strong><\/p>\n\n\n\n<p>R\u00fcckblick:<br>Dienstag von dem Wettkampfwochenende:<br>Die Gl\u00fcckschale unserer Sch\u00fctzen muss f\u00fcr ihren urspr\u00fcnglichen Zweck wieder vorbereitet werden \u2026.<\/p>\n\n\n\n<figure class=\"wp-block-image size-large\"><img decoding=\"async\" src=\"https:\/\/ssv-sandhausen.de\/wp-content\/uploads\/2024\/07\/IMG-20240726-WA0001_Alex_Gluecksschale2.jpg\" alt=\"\"\/><\/figure>\n\n\n\n<p><\/p>\n\n\n\n<p><\/p>\n\n\n\n<p>Bernd Hollschuh erreicht mit 314,7 Ringen den 2. Platz in der Disziplin &#8222;KK-Gewehr Auflage 100m &#8211; Senioren III m\u00e4nnlich&#8220;.<\/p>\n\n\n\n<figure class=\"wp-block-image size-large\"><img decoding=\"async\" src=\"https:\/\/ssv-sandhausen.de\/wp-content\/uploads\/2024\/07\/IMG-20240727-WA0010_Bernd_Hollschuh_Treppe.jpg\" alt=\"\"\/><\/figure>\n\n\n\n<p>1. Platz: J\u00fcrgen D\u00f6rtzbach (SV Eschelbach)<br>2. Platz: Bernd Hollschuh (SSV Sandhausen)<br>3. Platz: Dieter Keitel (KKS Reihen)<\/p>\n\n\n\n<p>Der Abschluss dieses Tages:<\/p>\n\n\n\n<figure class=\"wp-block-image size-large\"><img decoding=\"async\" src=\"https:\/\/ssv-sandhausen.de\/wp-content\/uploads\/2024\/07\/IMG-20240727-WA0012_Eggenstein.jpg\" alt=\"\"\/><\/figure>\n\n\n\n<p><\/p>\n\n\n\n<p class=\"has-medium-font-size\"><strong>Landesmeisterschaft 2024 in Pforzheim (15. und 16. Juni 2024)<\/strong><\/p>\n\n\n\n<p>Gerd Korn hat f\u00fcr den SSV Sandhausen zweimal den 1. Platz belegt.<\/p>\n\n\n\n<p><\/p>\n\n\n\n<figure class=\"wp-block-table\"><table><tbody><tr><td><strong>Gro\u00dfkaliber Pistole \/ Revolver<\/strong><\/td><td><strong>Disziplin<\/strong><\/td><td><strong>Ringe<\/strong><\/td><\/tr><tr><td>Revolver<\/td><td>.357 Magnum<\/td><td>384<\/td><\/tr><tr><td>Pistole<\/td><td>9 mm Luger<\/td><td>384<\/td><\/tr><\/tbody><\/table><\/figure>\n\n\n\n<figure class=\"wp-block-gallery has-nested-images columns-default is-cropped wp-block-gallery-1 is-layout-flex wp-block-gallery-is-layout-flex\">\n<figure class=\"wp-block-image size-large\"><img loading=\"lazy\" decoding=\"async\" width=\"1024\" height=\"768\" data-id=\"2639\" src=\"https:\/\/ssv-sandhausen.de\/wp-content\/uploads\/2024\/06\/IMG-20240615-WA0002-1024x768.jpg\" alt=\"\" class=\"wp-image-2639\" srcset=\"https:\/\/ssv-sandhausen.de\/wp-content\/uploads\/2024\/06\/IMG-20240615-WA0002-1024x768.jpg 1024w, https:\/\/ssv-sandhausen.de\/wp-content\/uploads\/2024\/06\/IMG-20240615-WA0002-300x225.jpg 300w, https:\/\/ssv-sandhausen.de\/wp-content\/uploads\/2024\/06\/IMG-20240615-WA0002-768x576.jpg 768w, https:\/\/ssv-sandhausen.de\/wp-content\/uploads\/2024\/06\/IMG-20240615-WA0002-1536x1152.jpg 1536w, https:\/\/ssv-sandhausen.de\/wp-content\/uploads\/2024\/06\/IMG-20240615-WA0002-1200x900.jpg 1200w, https:\/\/ssv-sandhausen.de\/wp-content\/uploads\/2024\/06\/IMG-20240615-WA0002.jpg 1600w\" sizes=\"auto, (max-width: 709px) 85vw, (max-width: 909px) 67vw, (max-width: 1362px) 62vw, 840px\" \/><\/figure>\n<\/figure>\n\n\n\n<p>1. Platz: Gerd Korn (Sandhausen)<br>2. Platz: Thomas Pecuronie (Rot)<br>3. Platz: Udo Weik (Neckarbischofsheim)<\/p>\n\n\n\n<p><\/p>\n\n\n\n<p>Unsere Mannschaft (Bernd Sch\u00fctz,Andreas Reinig,Bernd Hollschuh) hat einen 2. Platz im KK Liegendkampf erreicht.<\/p>\n\n\n\n<figure class=\"wp-block-image size-large\"><img decoding=\"async\" src=\"https:\/\/ssv-sandhausen.de\/wp-content\/uploads\/2024\/07\/Landesmeisterschaft_2024_KK_liegend.jpg\" alt=\"\"\/><\/figure>\n\n\n\n<p>1. Platz: SSV Spechbach <br>2. Platz: SSV Sandhausen<br>3. Platz: KKS Reihen<\/p>\n\n\n\n<p class=\"has-medium-font-size\"><\/p>\n\n\n\n<p><\/p>\n\n\n\n<p><\/p>\n\n\n\n<p class=\"has-medium-font-size\"><strong>Arbeitseinsatz am 11.05.2024 im Sportsch\u00fctzenverein<\/strong><\/p>\n\n\n\n<p>Zum Arbeitseinsatz trafen sich am 11. Mai die Gewehrsch\u00fctzen des SSV.<br>Neben einem 2. Fr\u00fchjahrsputz wurde intensiv am Umbau unseres Kleinkaliberstandes gearbeitet. Dieser wird nicht nur renoviert, sondern auch modernisiert, so dass er zuk\u00fcnftig wieder auf dem neuesten technischen Stand ist und auch h\u00f6chsten Wettkampfanforderungen gen\u00fcgt. <br>Bei bestem Wetter konnten gute Fortschritte gemacht werden und wir hoffen bis zum Sommer den Umbau abschlie\u00dfen zu k\u00f6nnen.<\/p>\n\n\n\n<figure class=\"wp-block-image size-large\"><img loading=\"lazy\" decoding=\"async\" width=\"1024\" height=\"461\" src=\"https:\/\/ssv-sandhausen.de\/wp-content\/uploads\/2024\/06\/20240511_125654-1024x461.jpg\" alt=\"\" class=\"wp-image-2641\" srcset=\"https:\/\/ssv-sandhausen.de\/wp-content\/uploads\/2024\/06\/20240511_125654-1024x461.jpg 1024w, https:\/\/ssv-sandhausen.de\/wp-content\/uploads\/2024\/06\/20240511_125654-300x135.jpg 300w, https:\/\/ssv-sandhausen.de\/wp-content\/uploads\/2024\/06\/20240511_125654-768x346.jpg 768w, https:\/\/ssv-sandhausen.de\/wp-content\/uploads\/2024\/06\/20240511_125654-1536x691.jpg 1536w, https:\/\/ssv-sandhausen.de\/wp-content\/uploads\/2024\/06\/20240511_125654-2048x922.jpg 2048w, https:\/\/ssv-sandhausen.de\/wp-content\/uploads\/2024\/06\/20240511_125654-1200x540.jpg 1200w\" sizes=\"auto, (max-width: 709px) 85vw, (max-width: 909px) 67vw, (max-width: 1362px) 62vw, 840px\" \/><\/figure>\n\n\n\n<p><\/p>\n\n\n\n<figure class=\"wp-block-image size-large\"><img loading=\"lazy\" decoding=\"async\" width=\"1024\" height=\"461\" src=\"https:\/\/ssv-sandhausen.de\/wp-content\/uploads\/2024\/06\/20240511_125949-1024x461.jpg\" alt=\"\" class=\"wp-image-2642\" srcset=\"https:\/\/ssv-sandhausen.de\/wp-content\/uploads\/2024\/06\/20240511_125949-1024x461.jpg 1024w, https:\/\/ssv-sandhausen.de\/wp-content\/uploads\/2024\/06\/20240511_125949-300x135.jpg 300w, https:\/\/ssv-sandhausen.de\/wp-content\/uploads\/2024\/06\/20240511_125949-768x346.jpg 768w, https:\/\/ssv-sandhausen.de\/wp-content\/uploads\/2024\/06\/20240511_125949-1536x691.jpg 1536w, https:\/\/ssv-sandhausen.de\/wp-content\/uploads\/2024\/06\/20240511_125949-2048x922.jpg 2048w, https:\/\/ssv-sandhausen.de\/wp-content\/uploads\/2024\/06\/20240511_125949-1200x540.jpg 1200w\" sizes=\"auto, (max-width: 709px) 85vw, (max-width: 909px) 67vw, (max-width: 1362px) 62vw, 840px\" \/><\/figure>\n\n\n\n<p><\/p>\n\n\n\n<p class=\"has-medium-font-size\"><strong>KK-Auflagenrunde 2024 ist beendet<\/strong><\/p>\n\n\n\n<p>Die diesj\u00e4hrige KK 50m Auflagenrunde hatte am 20.04.2024 auf unserer Anlage in Sandhausen begonnen und wurde am 13.07.2024 nach dem Schie\u00dfen in St. Leon beendet. Die Ergebnisse sind im Men\u00fc unter &#8222;Sport | Ergebnisse&#8220; zu finden.<\/p>\n\n\n\n<p><\/p>\n\n\n\n<p><\/p>\n\n\n\n<p class=\"has-medium-font-size\"><strong>Sportpistole -Auflagerunde 2024 ist beendet<\/strong><\/p>\n\n\n\n<p>Die Ergebnisse sind im Men\u00fc unter &#8222;Sport | Ergebnisse&#8220; zu finden.<\/p>\n\n\n\n<p><\/p>\n<\/div>\n<\/div>\n<\/div><\/div>\n\n\n\n<p class=\"has-medium-font-size\"><strong>Sportpistole &#8211; Runde 2024 ist beendet<\/strong><\/p>\n\n\n\n<p>Der diesj\u00e4hrige Rundenwettkampf der Sportpistolensch\u00fctzen wurde am 21.07.2024 in Sandhausen abgeschlossen.<br>Die Ergebnisse sind im Men\u00fc unter &#8222;Sport | Ergebnisse&#8220; zu finden.<\/p>\n\n\n\n<p><\/p>\n\n\n\n<p><\/p>\n\n\n\n<p class=\"has-medium-font-size\"><\/p>\n\n\n\n<p><br><\/p>\n","protected":false},"excerpt":{"rendered":"<p>Aktuelle Termine 2024 Allgemeine Trainingszeiten Pistolen- und Gewehrsch\u00fctzen Dienstag 18:00 Uhr &#8211; 21:00 Uhr Freitag 18:00 Uhr &#8211; 21:00 Uhr Sonntag 10:00 Uhr &#8211; 12:00 Uhr Trainingszeiten Bogensch\u00fctzen Dienstag 18:00 Uhr &#8211; 21:00 UhrIn den Wintermonaten Dezember, Januar und Februar findet das Training in der Festhalle statt! Bei Interesse einfach am Dienstag zum Training vorbeischauen. &hellip; <a href=\"https:\/\/ssv-sandhausen.de\/?page_id=1112\" class=\"more-link\"><span class=\"screen-reader-text\">\u201eAktuelles 2024\u201c <\/span>weiterlesen<\/a><\/p>\n","protected":false},"author":1,"featured_media":0,"parent":0,"menu_order":0,"comment_status":"closed","ping_status":"closed","template":"","meta":{"footnotes":""},"class_list":["post-1112","page","type-page","status-publish","hentry"],"_links":{"self":[{"href":"https:\/\/ssv-sandhausen.de\/index.php?rest_route=\/wp\/v2\/pages\/1112","targetHints":{"allow":["GET"]}}],"collection":[{"href":"https:\/\/ssv-sandhausen.de\/index.php?rest_route=\/wp\/v2\/pages"}],"about":[{"href":"https:\/\/ssv-sandhausen.de\/index.php?rest_route=\/wp\/v2\/types\/page"}],"author":[{"embeddable":true,"href":"https:\/\/ssv-sandhausen.de\/index.php?rest_route=\/wp\/v2\/users\/1"}],"replies":[{"embeddable":true,"href":"https:\/\/ssv-sandhausen.de\/index.php?rest_route=%2Fwp%2Fv2%2Fcomments&post=1112"}],"version-history":[{"count":198,"href":"https:\/\/ssv-sandhausen.de\/index.php?rest_route=\/wp\/v2\/pages\/1112\/revisions"}],"predecessor-version":[{"id":3166,"href":"https:\/\/ssv-sandhausen.de\/index.php?rest_route=\/wp\/v2\/pages\/1112\/revisions\/3166"}],"wp:attachment":[{"href":"https:\/\/ssv-sandhausen.de\/index.php?rest_route=%2Fwp%2Fv2%2Fmedia&parent=1112"}],"curies":[{"name":"wp","href":"https:\/\/api.w.org\/{rel}","templated":true}]}}